{"id":46422,"date":"2024-04-21T20:03:45","date_gmt":"2024-04-21T17:03:45","guid":{"rendered":"https:\/\/www.radiomarket.fi\/?post_type=product&#038;p=46422"},"modified":"2024-04-21T20:14:24","modified_gmt":"2024-04-21T17:14:24","slug":"ekub0685-saadettava-lankavastus-250-ohm-1-a-jannitesaadin","status":"publish","type":"product","link":"https:\/\/www.radiomarket.fi\/en\/kohde\/ekub0685-saadettava-lankavastus-250-ohm-1-a-jannitesaadin\/","title":{"rendered":"EKUB0685 s\u00e4\u00e4dett\u00e4v\u00e4 lankavastus 250 ohm 1 A j\u00e4nnites\u00e4\u00e4din"},"content":{"rendered":"<p>Mahdollisesti valojen kirkkauden s\u00e4\u00e4din, arviolta 1950-luku tai paljonkin vanhempi. S\u00e4ilytetty aina kuivassa varastossa.<\/p>","protected":false},"excerpt":{"rendered":"<p>Mahdollisesti valojen kirkkauden s\u00e4\u00e4din, arviolta 1950-luku tai paljonkin vanhempi. S\u00e4ilytetty aina kuivassa varastossa.<\/p>","protected":false},"featured_media":46425,"template":"","meta":[],"_links":{"self":[{"href":"https:\/\/www.radiomarket.fi\/en\/wp-json\/wp\/v2\/product\/46422"}],"collection":[{"href":"https:\/\/www.radiomarket.fi\/en\/wp-json\/wp\/v2\/product"}],"about":[{"href":"https:\/\/www.radiomarket.fi\/en\/wp-json\/wp\/v2\/types\/product"}],"wp:featuredmedia":[{"embeddable":true,"href":"https:\/\/www.radiomarket.fi\/en\/wp-json\/wp\/v2\/media\/46425"}],"wp:attachment":[{"href":"https:\/\/www.radiomarket.fi\/en\/wp-json\/wp\/v2\/media?parent=46422"}],"curies":[{"name":"wp","href":"https:\/\/api.w.org\/{rel}","templated":true}]}}