{"id":46431,"date":"2025-07-02T09:31:40","date_gmt":"2025-07-02T06:31:40","guid":{"rendered":"https:\/\/www.radiomarket.fi\/?post_type=product&#038;p=46431"},"modified":"2025-07-02T18:07:06","modified_gmt":"2025-07-02T15:07:06","slug":"ekum0710-kojepistoke-220v-2334ku","status":"publish","type":"product","link":"https:\/\/www.radiomarket.fi\/en\/kohde\/ekum0710-kojepistoke-220v-2334ku\/","title":{"rendered":"EKUM0710 maadoitettu kojepistoke 220V 2334Ku"},"content":{"rendered":"<p>Tuntematon kolmenapainen verkkojohdon liitin. Arviolta 1960-lukua.<\/p>","protected":false},"excerpt":{"rendered":"<p>Kirjetoimitustuotteita kannattaa tilata kerralla useampiakin, yksi lis\u00e4tuote lis\u00e4\u00e4 postikulua vain 10 sentill\u00e4 (tilanne 4\/2024, voi muuttua)<\/p>","protected":false},"featured_media":46433,"template":"","meta":[],"_links":{"self":[{"href":"https:\/\/www.radiomarket.fi\/en\/wp-json\/wp\/v2\/product\/46431"}],"collection":[{"href":"https:\/\/www.radiomarket.fi\/en\/wp-json\/wp\/v2\/product"}],"about":[{"href":"https:\/\/www.radiomarket.fi\/en\/wp-json\/wp\/v2\/types\/product"}],"wp:featuredmedia":[{"embeddable":true,"href":"https:\/\/www.radiomarket.fi\/en\/wp-json\/wp\/v2\/media\/46433"}],"wp:attachment":[{"href":"https:\/\/www.radiomarket.fi\/en\/wp-json\/wp\/v2\/media?parent=46431"}],"curies":[{"name":"wp","href":"https:\/\/api.w.org\/{rel}","templated":true}]}}