{"id":46472,"date":"2024-05-22T11:03:25","date_gmt":"2024-05-22T08:03:25","guid":{"rendered":"https:\/\/www.radiomarket.fi\/?post_type=product&#038;p=46472"},"modified":"2024-07-15T12:15:17","modified_gmt":"2024-07-15T09:15:17","slug":"ekum0715-kaiser-kfs-560-mustavalkotelevisio-puretaan","status":"publish","type":"product","link":"https:\/\/www.radiomarket.fi\/en\/kohde\/ekum0715-kaiser-kfs-560-mustavalkotelevisio-puretaan\/","title":{"rendered":"EKUM0715 Kaiser KFS 560 mustavalkotelevisio PURETAAN"},"content":{"rendered":"<p>Ei testattu, kohtuullisen hyv\u00e4kuntoinen ulkoisesti, ei puuttuvia viiluja mutta etupuolen kapeat reunaviilut liimattava uudelleen. Koneisto n\u00e4ytt\u00e4\u00e4 t\u00e4ydelliselt\u00e4. Kahdesta nupista puuttuu hela. Mahdollista ostaa pelkk\u00e4 kotelo, kysy purkuhintaa. Samoin kysy toimitushinta.<\/p>","protected":false},"excerpt":{"rendered":"<p>Ei testattu, kohtuullisen hyv\u00e4kuntoinen ulkoisesti, ei puuttuvia viiluja mutta etupuolen kapeat reunaviilut liimattava uudelleen. Koneisto n\u00e4ytt\u00e4\u00e4 t\u00e4ydelliselt\u00e4. Kahdesta nupista puuttuu hela. Mahdollista ostaa pelkk\u00e4 kotelo, kysy purkuhintaa. Samoin kysy toimitushinta.<\/p>","protected":false},"featured_media":46828,"template":"","meta":[],"_links":{"self":[{"href":"https:\/\/www.radiomarket.fi\/en\/wp-json\/wp\/v2\/product\/46472"}],"collection":[{"href":"https:\/\/www.radiomarket.fi\/en\/wp-json\/wp\/v2\/product"}],"about":[{"href":"https:\/\/www.radiomarket.fi\/en\/wp-json\/wp\/v2\/types\/product"}],"wp:featuredmedia":[{"embeddable":true,"href":"https:\/\/www.radiomarket.fi\/en\/wp-json\/wp\/v2\/media\/46828"}],"wp:attachment":[{"href":"https:\/\/www.radiomarket.fi\/en\/wp-json\/wp\/v2\/media?parent=46472"}],"curies":[{"name":"wp","href":"https:\/\/api.w.org\/{rel}","templated":true}]}}