{"id":46555,"date":"2024-05-03T11:34:18","date_gmt":"2024-05-03T08:34:18","guid":{"rendered":"https:\/\/www.radiomarket.fi\/?post_type=product&#038;p=46555"},"modified":"2024-05-03T12:17:36","modified_gmt":"2024-05-03T09:17:36","slug":"ekum3238-eia-v966","status":"publish","type":"product","link":"https:\/\/www.radiomarket.fi\/en\/kohde\/ekum3238-eia-v966\/","title":{"rendered":"EKUM3238 EIA V966"},"content":{"rendered":"<p>Putkista ainakin yksi n\u00e4kyy olevan Helvarin pannalla, joten putkia on joskus vaihdettu. Takalevy istuu huonosti paikalleen. Kotelossa huono pinta. Verkkojohto luultavasti vaihdettu. Kokonaisen oloinen p\u00e4\u00e4llep\u00e4in. Joissain mallin versioissa p\u00e4\u00e4dyiss\u00e4 ja lasin ymp\u00e4rill\u00e4 kiert\u00e4\u00e4 bakeliittinen kehys. T\u00e4ss\u00e4 mallissa niiden sijasta on kullanv\u00e4risell\u00e4 maalilla tehty koristemaalaus. Kankaassa tahroja. Sarjanumeron paikka koneistossa tyhj\u00e4. Myyd\u00e4\u00e4n putkineen t\u00e4h\u00e4n hintaan. Voit tiedustella halutessasi hintaa ilman putkia.<br \/><br \/><strong>Ainakin seuraavat osat poistettu \/ rikki:<\/strong><br \/><br \/>Ei tiedossa olevia puutteita.<br \/><br \/>Ei tutkittu tarkemmin. Muitakin osia saattaa olla poistettu. Varmista tietojen oikeellisuus myyj\u00e4lt\u00e4.\u00a0<br \/><br \/><\/p>","protected":false},"excerpt":{"rendered":"<p>Suosittelemme putkiradioille s\u00e4rkyv\u00e4-lis\u00e4palvelua (ostettavissa erillisen\u00e4 tuotteena).<\/p>","protected":false},"featured_media":46572,"template":"","meta":[],"_links":{"self":[{"href":"https:\/\/www.radiomarket.fi\/en\/wp-json\/wp\/v2\/product\/46555"}],"collection":[{"href":"https:\/\/www.radiomarket.fi\/en\/wp-json\/wp\/v2\/product"}],"about":[{"href":"https:\/\/www.radiomarket.fi\/en\/wp-json\/wp\/v2\/types\/product"}],"wp:featuredmedia":[{"embeddable":true,"href":"https:\/\/www.radiomarket.fi\/en\/wp-json\/wp\/v2\/media\/46572"}],"wp:attachment":[{"href":"https:\/\/www.radiomarket.fi\/en\/wp-json\/wp\/v2\/media?parent=46555"}],"curies":[{"name":"wp","href":"https:\/\/api.w.org\/{rel}","templated":true}]}}