{"id":46557,"date":"2024-05-03T11:53:44","date_gmt":"2024-05-03T08:53:44","guid":{"rendered":"https:\/\/www.radiomarket.fi\/?post_type=product&#038;p=46557"},"modified":"2024-05-03T12:37:37","modified_gmt":"2024-05-03T09:37:37","slug":"ekum3239-fenno-seura-44-v-iii","status":"publish","type":"product","link":"https:\/\/www.radiomarket.fi\/en\/kohde\/ekum3239-fenno-seura-44-v-iii\/","title":{"rendered":"EKUM3239 Fenno Seura 44 V\/III F561"},"content":{"rendered":"<p>Kotelossa huono pinta. Pinnat irtoavat. Takalevy taipuillut. Takalevyyn lis\u00e4tty kytkin luultavasti ULA-lis\u00e4laitteelle Philips 7768\/12 ja mahdollisesti levysoitinliit\u00e4nt\u00e4.\u00a0\u00a0<br \/><br \/><strong>Ainakin seuraavat osat poistettu \/ rikki:<\/strong><br \/><br \/>Huono kotelo<br \/><br \/>Ei tutkittu tarkemmin. Muitakin osia saattaa olla poistettu. Varmista tietojen oikeellisuus myyj\u00e4lt\u00e4.\u00a0<br \/><br \/><\/p>","protected":false},"excerpt":{"rendered":"<p>Suosittelemme putkiradioille s\u00e4rkyv\u00e4-lis\u00e4palvelua (ostettavissa erillisen\u00e4 tuotteena).<\/p>","protected":false},"featured_media":46583,"template":"","meta":[],"_links":{"self":[{"href":"https:\/\/www.radiomarket.fi\/en\/wp-json\/wp\/v2\/product\/46557"}],"collection":[{"href":"https:\/\/www.radiomarket.fi\/en\/wp-json\/wp\/v2\/product"}],"about":[{"href":"https:\/\/www.radiomarket.fi\/en\/wp-json\/wp\/v2\/types\/product"}],"wp:featuredmedia":[{"embeddable":true,"href":"https:\/\/www.radiomarket.fi\/en\/wp-json\/wp\/v2\/media\/46583"}],"wp:attachment":[{"href":"https:\/\/www.radiomarket.fi\/en\/wp-json\/wp\/v2\/media?parent=46557"}],"curies":[{"name":"wp","href":"https:\/\/api.w.org\/{rel}","templated":true}]}}