{"id":46649,"date":"2024-05-08T13:56:07","date_gmt":"2024-05-08T10:56:07","guid":{"rendered":"https:\/\/www.radiomarket.fi\/?post_type=product&#038;p=46649"},"modified":"2025-12-11T11:36:40","modified_gmt":"2025-12-11T09:36:40","slug":"ekum3241-pioneer-pd-207","status":"publish","type":"product","link":"https:\/\/www.radiomarket.fi\/en\/kohde\/ekum3241-pioneer-pd-207\/","title":{"rendered":"EKUM3241 Pioneer PD-207"},"content":{"rendered":"<p>Virta tulee. Eject toimii. Toistaa, ei kuunneltu \u00e4\u00e4nt\u00e4. Testattu 7\/2023. Ei verkkojohtoa mukana (yleismallinen verkkojohto sopii t\u00e4h\u00e4n). Ei tutkittu tarkemmin.<\/p><p>&nbsp;<\/p>","protected":false},"excerpt":{"rendered":"<p>Virta tulee. Eject toimii. Toistaa, ei kuunneltu \u00e4\u00e4nt\u00e4. Testattu 7\/2023. Ei verkkojohtoa mukana (yleismallinen verkkojohto sopii t\u00e4h\u00e4n). Ei tutkittu tarkemmin.&nbsp;<\/p>","protected":false},"featured_media":46651,"template":"","meta":[],"_links":{"self":[{"href":"https:\/\/www.radiomarket.fi\/en\/wp-json\/wp\/v2\/product\/46649"}],"collection":[{"href":"https:\/\/www.radiomarket.fi\/en\/wp-json\/wp\/v2\/product"}],"about":[{"href":"https:\/\/www.radiomarket.fi\/en\/wp-json\/wp\/v2\/types\/product"}],"wp:featuredmedia":[{"embeddable":true,"href":"https:\/\/www.radiomarket.fi\/en\/wp-json\/wp\/v2\/media\/46651"}],"wp:attachment":[{"href":"https:\/\/www.radiomarket.fi\/en\/wp-json\/wp\/v2\/media?parent=46649"}],"curies":[{"name":"wp","href":"https:\/\/api.w.org\/{rel}","templated":true}]}}