{"id":46687,"date":"2024-05-14T13:38:59","date_gmt":"2024-05-14T10:38:59","guid":{"rendered":"https:\/\/www.radiomarket.fi\/?post_type=product&#038;p=46687"},"modified":"2024-05-14T14:04:11","modified_gmt":"2024-05-14T11:04:11","slug":"ekum3244-philips-uv-lamppu-ultraviolettilamppu","status":"publish","type":"product","link":"https:\/\/www.radiomarket.fi\/en\/kohde\/ekum3244-philips-uv-lamppu-ultraviolettilamppu\/","title":{"rendered":"EKUM3244 Philips KL 2851 UV-lamppu ultraviolettilamppu"},"content":{"rendered":"<p>Voidaan myyd\u00e4 tai vuokrataan esimerkiksi rekvisiittak\u00e4ytt\u00f6\u00f6n. Mukana silm\u00e4suojat. S\u00e4\u00e4t\u00f6nuppi sulanut. Alkuper\u00e4isess\u00e4 laatikossaan.<br \/><br \/>#rekvisiitta<\/p>","protected":false},"excerpt":{"rendered":"<p>Voidaan myyd\u00e4 tai vuokrataan esimerkiksi rekvisiittak\u00e4ytt\u00f6\u00f6n. Mukana silm\u00e4suojat. S\u00e4\u00e4t\u00f6nuppi sulanut. Alkuper\u00e4isess\u00e4 laatikossaan.#rekvisiitta<\/p>","protected":false},"featured_media":46690,"template":"","meta":[],"_links":{"self":[{"href":"https:\/\/www.radiomarket.fi\/en\/wp-json\/wp\/v2\/product\/46687"}],"collection":[{"href":"https:\/\/www.radiomarket.fi\/en\/wp-json\/wp\/v2\/product"}],"about":[{"href":"https:\/\/www.radiomarket.fi\/en\/wp-json\/wp\/v2\/types\/product"}],"wp:featuredmedia":[{"embeddable":true,"href":"https:\/\/www.radiomarket.fi\/en\/wp-json\/wp\/v2\/media\/46690"}],"wp:attachment":[{"href":"https:\/\/www.radiomarket.fi\/en\/wp-json\/wp\/v2\/media?parent=46687"}],"curies":[{"name":"wp","href":"https:\/\/api.w.org\/{rel}","templated":true}]}}