{"id":46702,"date":"2024-05-15T15:03:14","date_gmt":"2024-05-15T12:03:14","guid":{"rendered":"https:\/\/www.radiomarket.fi\/?post_type=product&#038;p=46702"},"modified":"2024-05-15T17:01:57","modified_gmt":"2024-05-15T14:01:57","slug":"ekum3245-philips-aw59-90-kuvaputki-kaytetty-ei-testattu","status":"publish","type":"product","link":"https:\/\/www.radiomarket.fi\/en\/kohde\/ekum3245-philips-aw59-90-kuvaputki-kaytetty-ei-testattu\/","title":{"rendered":"EKUM3245 Philips AW59-90 kuvaputki k\u00e4ytetty ei testattu"},"content":{"rendered":"<p>Kuvaputkia pyrit\u00e4\u00e4n testaamaan mahdollisuuksien mukaan tulevaisuudessa.<\/p><p>T\u00e4t\u00e4 kuvaputkityyppi\u00e4 on k\u00e4ytetty ainakin mallissa Asa Asavisio 2012\/59B.\u00a0<\/p><p>Nouto tai toimitus sovittaessa. Varastoitu vaihtelevissa l\u00e4mp\u00f6tiloissa. Asiakas voi testata ja tutkia kohteen halutessaan ennen ostoa.<\/p>","protected":false},"excerpt":{"rendered":"<p>Kuvaputkia pyrit\u00e4\u00e4n testaamaan mahdollisuuksien mukaan tulevaisuudessa.T\u00e4t\u00e4 kuvaputkityyppi\u00e4 on k\u00e4ytetty ainakin mallissa Asa Asavisio 2012\/59B.\u00a0Nouto tai toimitus sovittaessa. Varastoitu vaihtelevissa l\u00e4mp\u00f6tiloissa. Asiakas voi testata ja tutkia kohteen halutessaan ennen ostoa.<\/p>","protected":false},"featured_media":46709,"template":"","meta":[],"_links":{"self":[{"href":"https:\/\/www.radiomarket.fi\/en\/wp-json\/wp\/v2\/product\/46702"}],"collection":[{"href":"https:\/\/www.radiomarket.fi\/en\/wp-json\/wp\/v2\/product"}],"about":[{"href":"https:\/\/www.radiomarket.fi\/en\/wp-json\/wp\/v2\/types\/product"}],"wp:featuredmedia":[{"embeddable":true,"href":"https:\/\/www.radiomarket.fi\/en\/wp-json\/wp\/v2\/media\/46709"}],"wp:attachment":[{"href":"https:\/\/www.radiomarket.fi\/en\/wp-json\/wp\/v2\/media?parent=46702"}],"curies":[{"name":"wp","href":"https:\/\/api.w.org\/{rel}","templated":true}]}}