{"id":46757,"date":"2024-05-18T13:11:33","date_gmt":"2024-05-18T10:11:33","guid":{"rendered":"https:\/\/www.radiomarket.fi\/?post_type=product&#038;p=46757"},"modified":"2025-01-14T12:46:48","modified_gmt":"2025-01-14T10:46:48","slug":"ekut0008-philips-310a-soiva-radio","status":"publish","type":"product","link":"https:\/\/www.radiomarket.fi\/en\/kohde\/ekut0008-philips-310a-soiva-radio\/","title":{"rendered":"EKUT0008 Philips 310A soiva radio"},"content":{"rendered":"<p>Testattu 4\/2024. Kuuluu hyvin kaikilla aaltoalueilla. HUOM! Ei ULA-aluetta! Etuosaa kiert\u00e4v\u00e4 koristemaalaus varissut hieman.<\/p><p>Ei tutkittu tarkemmin. Vaatii ammattimaista huoltoa ennen k\u00e4ytt\u00f6\u00f6nottoa.<\/p>","protected":false},"excerpt":{"rendered":"<p>Suosittelemme putkiradioille s\u00e4rkyv\u00e4-lis\u00e4palvelua (ostettavissa erillisen\u00e4 tuotteena).<\/p>","protected":false},"featured_media":46758,"template":"","meta":[],"_links":{"self":[{"href":"https:\/\/www.radiomarket.fi\/en\/wp-json\/wp\/v2\/product\/46757"}],"collection":[{"href":"https:\/\/www.radiomarket.fi\/en\/wp-json\/wp\/v2\/product"}],"about":[{"href":"https:\/\/www.radiomarket.fi\/en\/wp-json\/wp\/v2\/types\/product"}],"wp:featuredmedia":[{"embeddable":true,"href":"https:\/\/www.radiomarket.fi\/en\/wp-json\/wp\/v2\/media\/46758"}],"wp:attachment":[{"href":"https:\/\/www.radiomarket.fi\/en\/wp-json\/wp\/v2\/media?parent=46757"}],"curies":[{"name":"wp","href":"https:\/\/api.w.org\/{rel}","templated":true}]}}