{"id":46813,"date":"2024-05-22T09:22:31","date_gmt":"2024-05-22T06:22:31","guid":{"rendered":"https:\/\/www.radiomarket.fi\/?post_type=product&#038;p=46813"},"modified":"2024-05-24T14:18:36","modified_gmt":"2024-05-24T11:18:36","slug":"tulossa-philips-pesuvatikaiutin-korjattavaksi","status":"publish","type":"product","link":"https:\/\/www.radiomarket.fi\/en\/kohde\/tulossa-philips-pesuvatikaiutin-korjattavaksi\/","title":{"rendered":"EKUM3249 Philips pesuvatikaiutin korjattavaksi"},"content":{"rendered":"<p>Palat n\u00e4ytt\u00e4isiv\u00e4t l\u00f6ytyv\u00e4n. Vain nouto.<\/p><p>Hinta pistokkeen kanssa. Pistoke 50\u20ac, kaiutin 45\u20ac. Kaiuttimen s\u00e4\u00e4t\u00f6 on pistotulpassa, siin\u00e4 on kiertyv\u00e4 keh\u00e4.<\/p>","protected":false},"excerpt":{"rendered":"<p>Palat n\u00e4ytt\u00e4isiv\u00e4t l\u00f6ytyv\u00e4n. Vain nouto.Hinta pistokkeen kanssa. Pistoke 50\u20ac, kaiutin 45\u20ac. Kaiuttimen s\u00e4\u00e4t\u00f6 on pistotulpassa, siin\u00e4 on kiertyv\u00e4 keh\u00e4.<\/p>","protected":false},"featured_media":46815,"template":"","meta":[],"_links":{"self":[{"href":"https:\/\/www.radiomarket.fi\/en\/wp-json\/wp\/v2\/product\/46813"}],"collection":[{"href":"https:\/\/www.radiomarket.fi\/en\/wp-json\/wp\/v2\/product"}],"about":[{"href":"https:\/\/www.radiomarket.fi\/en\/wp-json\/wp\/v2\/types\/product"}],"wp:featuredmedia":[{"embeddable":true,"href":"https:\/\/www.radiomarket.fi\/en\/wp-json\/wp\/v2\/media\/46815"}],"wp:attachment":[{"href":"https:\/\/www.radiomarket.fi\/en\/wp-json\/wp\/v2\/media?parent=46813"}],"curies":[{"name":"wp","href":"https:\/\/api.w.org\/{rel}","templated":true}]}}