{"id":46887,"date":"2024-05-29T08:28:56","date_gmt":"2024-05-29T05:28:56","guid":{"rendered":"https:\/\/www.radiomarket.fi\/?post_type=product&#038;p=46887"},"modified":"2024-05-29T08:38:14","modified_gmt":"2024-05-29T05:38:14","slug":"ekub0686-helkama-7920w-putkiradio","status":"publish","type":"product","link":"https:\/\/www.radiomarket.fi\/en\/kohde\/ekub0686-helkama-7920w-putkiradio\/","title":{"rendered":"EKUB0686 Helkama 7920W putkiradio"},"content":{"rendered":"<p>Ei \u00e4\u00e4nt\u00e4, putket hehkuvat. Aluevalintan\u00e4pp\u00e4imist\u00f6 takeltelee ja tarvitsee ainakin huoltoa. Kaiutinkankaan alalista puuttuu. Verkkojohto ei alkuper\u00e4inen. Toinen s\u00e4\u00e4t\u00f6nupin koristekapseli puuttuu. Myyd\u00e4\u00e4n putkineen.<\/p>","protected":false},"excerpt":{"rendered":"<p>Kokoelmapoisto, museossa korvattu parempikuntoisella. Suosittelemme putkiradioille toimituksessa s\u00e4rkyv\u00e4-lis\u00e4palvelua tai noutoa.<\/p>","protected":false},"featured_media":46888,"template":"","meta":[],"_links":{"self":[{"href":"https:\/\/www.radiomarket.fi\/en\/wp-json\/wp\/v2\/product\/46887"}],"collection":[{"href":"https:\/\/www.radiomarket.fi\/en\/wp-json\/wp\/v2\/product"}],"about":[{"href":"https:\/\/www.radiomarket.fi\/en\/wp-json\/wp\/v2\/types\/product"}],"wp:featuredmedia":[{"embeddable":true,"href":"https:\/\/www.radiomarket.fi\/en\/wp-json\/wp\/v2\/media\/46888"}],"wp:attachment":[{"href":"https:\/\/www.radiomarket.fi\/en\/wp-json\/wp\/v2\/media?parent=46887"}],"curies":[{"name":"wp","href":"https:\/\/api.w.org\/{rel}","templated":true}]}}