{"id":46952,"date":"2024-05-31T15:55:54","date_gmt":"2024-05-31T12:55:54","guid":{"rendered":"https:\/\/www.radiomarket.fi\/?post_type=product&#038;p=46952"},"modified":"2024-05-31T16:07:23","modified_gmt":"2024-05-31T13:07:23","slug":"ekum3254-blaupunkt-5w641-ekus","status":"publish","type":"product","link":"https:\/\/www.radiomarket.fi\/en\/kohde\/ekum3254-blaupunkt-5w641-ekus\/","title":{"rendered":"EKUM3254 Blaupunkt 5W641 (EKUS)"},"content":{"rendered":"<p>Tummanruskea bakeliittikotelo, kaiuttimen edess\u00e4 ruskea kangas, asteikko lasia, nupit bakeliittia. Kaiutin vasemmalla, asteikko oikealla puolella. Kolme kierrett\u00e4v\u00e4\u00e4 mustaa nuppia alareunassa (yksi nupeista v\u00e4\u00e4r\u00e4, Philips-merkkisest\u00e4 radiosta), yksi oikealla sivulla. Asteikon pohjav\u00e4ri musta. Radiosta on olemassa puukuorinen rinnakkaismalli. Valmistusvuosi 1941. Varastoitu vaihtelevissa l\u00e4mp\u00f6tiloissa. Voidaan myyd\u00e4 my\u00f6s ilman putkia tai pelk\u00e4st\u00e4\u00e4n asiakkaan tarvitsema osa laitteesta.<br \/><br \/>T\u00e4st\u00e4 voidaan luopua, sill\u00e4 museokokoelmasta l\u00f6ytyy jo samanlainen parempikuntoinen laite luettelointinumerolla RAPM0094, jolla on lis\u00e4ksi paikallishistoriaa.\u00a0<br \/><br \/>Katso my\u00f6s EKUA1253.<\/p><p>Ei tutkittu tarkemmin. Varmistathan tietojen oikeellisuuden myyj\u00e4lt\u00e4.\u00a0<\/p>","protected":false},"excerpt":{"rendered":"<p>Suosittelemme putkiradioille s\u00e4rkyv\u00e4-lis\u00e4palvelua (ostettavissa erillisen\u00e4 tuotteena).<\/p>","protected":false},"featured_media":46962,"template":"","meta":[],"_links":{"self":[{"href":"https:\/\/www.radiomarket.fi\/en\/wp-json\/wp\/v2\/product\/46952"}],"collection":[{"href":"https:\/\/www.radiomarket.fi\/en\/wp-json\/wp\/v2\/product"}],"about":[{"href":"https:\/\/www.radiomarket.fi\/en\/wp-json\/wp\/v2\/types\/product"}],"wp:featuredmedia":[{"embeddable":true,"href":"https:\/\/www.radiomarket.fi\/en\/wp-json\/wp\/v2\/media\/46962"}],"wp:attachment":[{"href":"https:\/\/www.radiomarket.fi\/en\/wp-json\/wp\/v2\/media?parent=46952"}],"curies":[{"name":"wp","href":"https:\/\/api.w.org\/{rel}","templated":true}]}}