{"id":47080,"date":"2024-06-01T14:28:06","date_gmt":"2024-06-01T11:28:06","guid":{"rendered":"https:\/\/www.radiomarket.fi\/?post_type=product&#038;p=47080"},"modified":"2025-09-11T02:32:30","modified_gmt":"2025-09-10T23:32:30","slug":"ekum3265-saksalainen-putkiradiokoneisto","status":"publish","type":"product","link":"https:\/\/www.radiomarket.fi\/en\/kohde\/ekum3265-saksalainen-putkiradiokoneisto\/","title":{"rendered":"EKUM3265 Loewe-Opta putkiradiokoneisto"},"content":{"rendered":"<p>Merkkitieto perustuu muuntajassa olevaan valmistajatietoon (Loewe-Opta). Mahdollisesti kaappiradiosta purettu. Putkitus ECC85, ECH81, EF89, EF89, EBC91, ECC83, EABC80. Myyd\u00e4\u00e4n t\u00e4h\u00e4n hintaan ilman putkia. Tiedustele hintaa putkien kanssa. N\u00e4k\u00f6viritysputki ja p\u00e4\u00e4teputket (ilmeisesti 2x EL84) poistettu jo aiemmin.<br \/><br \/>Putkituksen perusteella selvitettyn\u00e4 malli voi olla jokin seuraavista:<br \/>Atlas-Luxus-Stereo 3817T\/W\u00a0<br \/>Botschafter-Stereo 4000T\/W\u00a0<br \/>Atlas-Stereo 3793W<br \/>Trianon-Stereo 2655\u00a0<br \/>Vineta-Luxus-Stereo 3801T\u00a0<br \/>Vineta-Luxus-Stereo 3801W<br \/><br \/>Em. mallitietojen lopullinen varmistaminen kuviin verraten j\u00e4\u00e4 asiakkaan vastuulle.<\/p><p>Ei tutkittu tarkemmin. Varmistathan tietojen oikeellisuuden myyj\u00e4lt\u00e4.\u00a0<\/p>","protected":false},"excerpt":{"rendered":"<p>Merkkitieto perustuu muuntajassa olevaan valmistajatietoon (Loewe-Opta). Mahdollisesti kaappiradiosta purettu. Putkitus ECC85, ECH81, EF89, EF89, EBC91, ECC83, EABC80. Myyd\u00e4\u00e4n t\u00e4h\u00e4n hintaan ilman putkia. Tiedustele hintaa putkien kanssa. N\u00e4k\u00f6viritysputki ja p\u00e4\u00e4teputket (ilmeisesti 2x EL84) poistettu jo aiemmin.Putkituksen perusteella selvitettyn\u00e4 malli voi olla jokin seuraavista:Atlas-Luxus-Stereo 3817T\/W\u00a0Botschafter-Stereo 4000T\/W\u00a0Atlas-Stereo 3793WTrianon-Stereo 2655\u00a0Vineta-Luxus-Stereo 3801T\u00a0Vineta-Luxus-Stereo 3801WEm. mallitietojen lopullinen varmistaminen kuviin verraten j\u00e4\u00e4 asiakkaan &hellip;<\/p>\n<p class=\"read-more\"> <a class=\"thunk-readmore button\" href=\"https:\/\/www.radiomarket.fi\/en\/kohde\/ekum3265-saksalainen-putkiradiokoneisto\/\"> <span class=\"screen-reader-text\">EKUM3265 Loewe-Opta putkiradiokoneisto<\/span>Read More<\/a><\/p>","protected":false},"featured_media":47086,"template":"","meta":[],"_links":{"self":[{"href":"https:\/\/www.radiomarket.fi\/en\/wp-json\/wp\/v2\/product\/47080"}],"collection":[{"href":"https:\/\/www.radiomarket.fi\/en\/wp-json\/wp\/v2\/product"}],"about":[{"href":"https:\/\/www.radiomarket.fi\/en\/wp-json\/wp\/v2\/types\/product"}],"wp:featuredmedia":[{"embeddable":true,"href":"https:\/\/www.radiomarket.fi\/en\/wp-json\/wp\/v2\/media\/47086"}],"wp:attachment":[{"href":"https:\/\/www.radiomarket.fi\/en\/wp-json\/wp\/v2\/media?parent=47080"}],"curies":[{"name":"wp","href":"https:\/\/api.w.org\/{rel}","templated":true}]}}