{"id":47094,"date":"2024-06-01T15:24:47","date_gmt":"2024-06-01T12:24:47","guid":{"rendered":"https:\/\/www.radiomarket.fi\/?post_type=product&#038;p=47094"},"modified":"2024-06-06T13:35:03","modified_gmt":"2024-06-06T10:35:03","slug":"ekum3267-salora-junior","status":"publish","type":"product","link":"https:\/\/www.radiomarket.fi\/en\/kohde\/ekum3267-salora-junior\/","title":{"rendered":"EKUM3267 Salora Junior II C"},"content":{"rendered":"<p>Siistikuntoinen esine. Ehj\u00e4t antennit, nupit ja jopa nupin koristeet viel\u00e4 tallessa, ensimm\u00e4isest\u00e4 on tosin jo liimaus irronnut. Ei isompia pintavikoja. Esim. sisustus- ja rekvisiittak\u00e4ytt\u00f6\u00f6n. T\u00e4st\u00e4 voidaan luopua, sill\u00e4 Salora Junior -televisioita on jo museokokoelmassa usealla eri v\u00e4rivaihtoehdolla.<\/p><p>Ei tutkittu tarkemmin. Varmistathan tietojen oikeellisuuden myyj\u00e4lt\u00e4.\u00a0<br \/><br \/><br \/><\/p>","protected":false},"excerpt":{"rendered":"<p>Suosittelemme televisioille et\u00e4myynniss\u00e4 s\u00e4rkyv\u00e4-lis\u00e4palvelua (ostettavissa erillisen\u00e4 tuotteena).<\/p>","protected":false},"featured_media":47104,"template":"","meta":[],"_links":{"self":[{"href":"https:\/\/www.radiomarket.fi\/en\/wp-json\/wp\/v2\/product\/47094"}],"collection":[{"href":"https:\/\/www.radiomarket.fi\/en\/wp-json\/wp\/v2\/product"}],"about":[{"href":"https:\/\/www.radiomarket.fi\/en\/wp-json\/wp\/v2\/types\/product"}],"wp:featuredmedia":[{"embeddable":true,"href":"https:\/\/www.radiomarket.fi\/en\/wp-json\/wp\/v2\/media\/47104"}],"wp:attachment":[{"href":"https:\/\/www.radiomarket.fi\/en\/wp-json\/wp\/v2\/media?parent=47094"}],"curies":[{"name":"wp","href":"https:\/\/api.w.org\/{rel}","templated":true}]}}