{"id":47249,"date":"2024-06-07T10:49:43","date_gmt":"2024-06-07T07:49:43","guid":{"rendered":"https:\/\/www.radiomarket.fi\/?post_type=product&#038;p=47249"},"modified":"2024-06-07T22:01:11","modified_gmt":"2024-06-07T19:01:11","slug":"ekum3426-milliampeerimittari","status":"publish","type":"product","link":"https:\/\/www.radiomarket.fi\/en\/kohde\/ekum3426-milliampeerimittari\/","title":{"rendered":"EKUM3426 milliampeerimittari 0-50 mA"},"content":{"rendered":"<p>Sopii noin 60 mm aukkoon.\u00a0<\/p><p>Kuvan mukainen. Paneelimittarimme ovat p\u00e4\u00e4s\u00e4\u00e4nt\u00f6isesti k\u00e4ytettyj\u00e4, laitteista purettuja, niit\u00e4 ei ole testattu, eik\u00e4 tutkittu tarkemmin.<\/p>","protected":false},"excerpt":{"rendered":"<p>Sopii noin 60 mm aukkoon.\u00a0Kuvan mukainen. Paneelimittarimme ovat p\u00e4\u00e4s\u00e4\u00e4nt\u00f6isesti k\u00e4ytettyj\u00e4, laitteista purettuja, niit\u00e4 ei ole testattu, eik\u00e4 tutkittu tarkemmin.<\/p>","protected":false},"featured_media":47247,"template":"","meta":[],"_links":{"self":[{"href":"https:\/\/www.radiomarket.fi\/en\/wp-json\/wp\/v2\/product\/47249"}],"collection":[{"href":"https:\/\/www.radiomarket.fi\/en\/wp-json\/wp\/v2\/product"}],"about":[{"href":"https:\/\/www.radiomarket.fi\/en\/wp-json\/wp\/v2\/types\/product"}],"wp:featuredmedia":[{"embeddable":true,"href":"https:\/\/www.radiomarket.fi\/en\/wp-json\/wp\/v2\/media\/47247"}],"wp:attachment":[{"href":"https:\/\/www.radiomarket.fi\/en\/wp-json\/wp\/v2\/media?parent=47249"}],"curies":[{"name":"wp","href":"https:\/\/api.w.org\/{rel}","templated":true}]}}