{"id":47334,"date":"2024-06-08T10:36:35","date_gmt":"2024-06-08T07:36:35","guid":{"rendered":"https:\/\/www.radiomarket.fi\/?post_type=product&#038;p=47334"},"modified":"2024-06-08T10:57:59","modified_gmt":"2024-06-08T07:57:59","slug":"ekum3448-deif-meter-26887","status":"publish","type":"product","link":"https:\/\/www.radiomarket.fi\/en\/kohde\/ekum3448-deif-meter-26887\/","title":{"rendered":"EKUM3448 Deif -meter 26887"},"content":{"rendered":"<p>Sopii noin 112 mm aukkoon. Lasi rikki.<\/p><p>Kuvan mukainen. Paneelimittarimme ovat p\u00e4\u00e4s\u00e4\u00e4nt\u00f6isesti k\u00e4ytettyj\u00e4, laitteista purettuja, niit\u00e4 ei ole testattu, eik\u00e4 tutkittu tarkemmin.<\/p>","protected":false},"excerpt":{"rendered":"<p>Sopii noin 112 mm aukkoon. Lasi rikki.Kuvan mukainen. Paneelimittarimme ovat p\u00e4\u00e4s\u00e4\u00e4nt\u00f6isesti k\u00e4ytettyj\u00e4, laitteista purettuja, niit\u00e4 ei ole testattu, eik\u00e4 tutkittu tarkemmin.<\/p>","protected":false},"featured_media":47336,"template":"","meta":[],"_links":{"self":[{"href":"https:\/\/www.radiomarket.fi\/en\/wp-json\/wp\/v2\/product\/47334"}],"collection":[{"href":"https:\/\/www.radiomarket.fi\/en\/wp-json\/wp\/v2\/product"}],"about":[{"href":"https:\/\/www.radiomarket.fi\/en\/wp-json\/wp\/v2\/types\/product"}],"wp:featuredmedia":[{"embeddable":true,"href":"https:\/\/www.radiomarket.fi\/en\/wp-json\/wp\/v2\/media\/47336"}],"wp:attachment":[{"href":"https:\/\/www.radiomarket.fi\/en\/wp-json\/wp\/v2\/media?parent=47334"}],"curies":[{"name":"wp","href":"https:\/\/api.w.org\/{rel}","templated":true}]}}