{"id":47343,"date":"2024-06-08T11:43:04","date_gmt":"2024-06-08T08:43:04","guid":{"rendered":"https:\/\/www.radiomarket.fi\/?post_type=product&#038;p=47343"},"modified":"2024-06-08T11:51:50","modified_gmt":"2024-06-08T08:51:50","slug":"ekum3450-shinohara-ampeerimittari","status":"publish","type":"product","link":"https:\/\/www.radiomarket.fi\/en\/kohde\/ekum3450-shinohara-ampeerimittari\/","title":{"rendered":"EKUM3450 Shinohara ampeerimittari"},"content":{"rendered":"<p>Sopii noin 45 mm aukkoon.<\/p><p>Kuvan mukainen. Paneelimittarimme ovat p\u00e4\u00e4s\u00e4\u00e4nt\u00f6isesti k\u00e4ytettyj\u00e4, laitteista purettuja, niit\u00e4 ei ole testattu, eik\u00e4 tutkittu tarkemmin. T\u00e4m\u00e4 tuote on luultavasti k\u00e4ytt\u00e4m\u00e4t\u00f6n.<\/p>","protected":false},"excerpt":{"rendered":"<p>Sopii noin 45 mm aukkoon.Kuvan mukainen. Paneelimittarimme ovat p\u00e4\u00e4s\u00e4\u00e4nt\u00f6isesti k\u00e4ytettyj\u00e4, laitteista purettuja, niit\u00e4 ei ole testattu, eik\u00e4 tutkittu tarkemmin. T\u00e4m\u00e4 tuote on luultavasti k\u00e4ytt\u00e4m\u00e4t\u00f6n.<\/p>","protected":false},"featured_media":47344,"template":"","meta":[],"_links":{"self":[{"href":"https:\/\/www.radiomarket.fi\/en\/wp-json\/wp\/v2\/product\/47343"}],"collection":[{"href":"https:\/\/www.radiomarket.fi\/en\/wp-json\/wp\/v2\/product"}],"about":[{"href":"https:\/\/www.radiomarket.fi\/en\/wp-json\/wp\/v2\/types\/product"}],"wp:featuredmedia":[{"embeddable":true,"href":"https:\/\/www.radiomarket.fi\/en\/wp-json\/wp\/v2\/media\/47344"}],"wp:attachment":[{"href":"https:\/\/www.radiomarket.fi\/en\/wp-json\/wp\/v2\/media?parent=47343"}],"curies":[{"name":"wp","href":"https:\/\/api.w.org\/{rel}","templated":true}]}}