{"id":47388,"date":"2024-06-17T13:21:24","date_gmt":"2024-06-17T10:21:24","guid":{"rendered":"https:\/\/www.radiomarket.fi\/?post_type=product&#038;p=47388"},"modified":"2024-06-17T20:02:58","modified_gmt":"2024-06-17T17:02:58","slug":"ekum0716-suuri-teollisuusvakoilun-ensyklopedia-venajaksi-2000-tulossa","status":"publish","type":"product","link":"https:\/\/www.radiomarket.fi\/en\/kohde\/ekum0716-suuri-teollisuusvakoilun-ensyklopedia-venajaksi-2000-tulossa\/","title":{"rendered":"EKUM0716 Suuri teollisuusvakoilun ensyklopedia ven\u00e4j\u00e4ksi, vuoden 2000 painos"},"content":{"rendered":"<p>ISBN 5-89173-106-1. Avaamaton kansainv\u00e4lisen teollisuusvakoilun ja (siviili)salakuuntelun tietokirja. Yli 880 sivua.<\/p>","protected":false},"excerpt":{"rendered":"<p>ISBN 5-89173-106-1. Avaamaton kansainv\u00e4lisen teollisuusvakoilun ja (siviili)salakuuntelun tietokirja. Yli 880 sivua.<\/p>","protected":false},"featured_media":47642,"template":"","meta":[],"_links":{"self":[{"href":"https:\/\/www.radiomarket.fi\/en\/wp-json\/wp\/v2\/product\/47388"}],"collection":[{"href":"https:\/\/www.radiomarket.fi\/en\/wp-json\/wp\/v2\/product"}],"about":[{"href":"https:\/\/www.radiomarket.fi\/en\/wp-json\/wp\/v2\/types\/product"}],"wp:featuredmedia":[{"embeddable":true,"href":"https:\/\/www.radiomarket.fi\/en\/wp-json\/wp\/v2\/media\/47642"}],"wp:attachment":[{"href":"https:\/\/www.radiomarket.fi\/en\/wp-json\/wp\/v2\/media?parent=47388"}],"curies":[{"name":"wp","href":"https:\/\/api.w.org\/{rel}","templated":true}]}}