{"id":47394,"date":"2024-06-11T14:00:17","date_gmt":"2024-06-11T11:00:17","guid":{"rendered":"https:\/\/www.radiomarket.fi\/?post_type=product&#038;p=47394"},"modified":"2024-12-03T14:35:24","modified_gmt":"2024-12-03T12:35:24","slug":"ekus3409-kyoritsu-d-c-mikroampeerimittari","status":"publish","type":"product","link":"https:\/\/www.radiomarket.fi\/en\/kohde\/ekus3409-kyoritsu-d-c-mikroampeerimittari\/","title":{"rendered":"EKUS3409 Kyoritsu D.C. mikroampeerimittari"},"content":{"rendered":"<p>Sopii noin 69 mm aukkoon.<\/p><p>Kuvan mukainen. Paneelimittarimme ovat p\u00e4\u00e4s\u00e4\u00e4nt\u00f6isesti k\u00e4ytettyj\u00e4, laitteista purettuja, niit\u00e4 ei ole testattu, eik\u00e4 tutkittu tarkemmin.<\/p>","protected":false},"excerpt":{"rendered":"<p>Sopii noin 69 mm aukkoon.Kuvan mukainen. Paneelimittarimme ovat p\u00e4\u00e4s\u00e4\u00e4nt\u00f6isesti k\u00e4ytettyj\u00e4, laitteista purettuja, niit\u00e4 ei ole testattu, eik\u00e4 tutkittu tarkemmin.<\/p>","protected":false},"featured_media":47396,"template":"","meta":[],"_links":{"self":[{"href":"https:\/\/www.radiomarket.fi\/en\/wp-json\/wp\/v2\/product\/47394"}],"collection":[{"href":"https:\/\/www.radiomarket.fi\/en\/wp-json\/wp\/v2\/product"}],"about":[{"href":"https:\/\/www.radiomarket.fi\/en\/wp-json\/wp\/v2\/types\/product"}],"wp:featuredmedia":[{"embeddable":true,"href":"https:\/\/www.radiomarket.fi\/en\/wp-json\/wp\/v2\/media\/47396"}],"wp:attachment":[{"href":"https:\/\/www.radiomarket.fi\/en\/wp-json\/wp\/v2\/media?parent=47394"}],"curies":[{"name":"wp","href":"https:\/\/api.w.org\/{rel}","templated":true}]}}