{"id":47405,"date":"2024-10-11T14:50:20","date_gmt":"2024-10-11T11:50:20","guid":{"rendered":"https:\/\/www.radiomarket.fi\/?post_type=product&#038;p=47405"},"modified":"2024-10-14T20:17:17","modified_gmt":"2024-10-14T17:17:17","slug":"ekub0687-whirlpool-cb281w-jaakaappipakastin-vm-2015-puretaan-tulossa","status":"publish","type":"product","link":"https:\/\/www.radiomarket.fi\/en\/kohde\/ekub0687-whirlpool-cb281w-jaakaappipakastin-vm-2015-puretaan-tulossa\/","title":{"rendered":"EKUB0687 Whirlpool CB281W j\u00e4\u00e4kaappipakastin vm. 2014 PURETAAN"},"content":{"rendered":"<p>T\u00e4ysleve\u00e4 kylm\u00e4laite 60 cm. Hyllyt, ovihyllyt, pakastelaatikot, kahvat myyd\u00e4\u00e4n hintaan 10 euroa osa. Itse j\u00e4\u00e4kaappipakastin on romutettu. Kahvaruuvien v\u00e4li 20 cm. L\u00e4pin\u00e4kyv\u00e4t osat ovat suoraan tilattavissa t\u00e4ss\u00e4 verkkokaupassa. Pakastinlaatikoiden mitat ulkomitat: Leveys kaikissa 42,5 cm, etulevyn korkeus n\u00e4kyy mitattuna hyllypinnasta: k21 syvyys 26, k20 s 40,5, k24 s 40,5, k20,5 s 38cm. Kahvat, ota yhteytt\u00e4 niin saat halvemman postituksen kuin suoraan tilatessasi. Kerro tilatessasi mitk\u00e4 osat haluat. P\u00e4ivit\u00e4mme t\u00e4h\u00e4n mit\u00e4 osia ei ole en\u00e4\u00e4 saatavana.<\/p>","protected":false},"excerpt":{"rendered":"<p>T\u00e4ysleve\u00e4 kylm\u00e4laite 60 cm. Hyllyt, ovihyllyt, pakastelaatikot, kahvat myyd\u00e4\u00e4n hintaan 10 euroa osa. Itse j\u00e4\u00e4kaappipakastin on romutettu. Kahvaruuvien v\u00e4li 20 cm. L\u00e4pin\u00e4kyv\u00e4t osat ovat suoraan tilattavissa t\u00e4ss\u00e4 verkkokaupassa. Pakastinlaatikoiden mitat ulkomitat: Leveys kaikissa 42,5 cm, etulevyn korkeus n\u00e4kyy mitattuna hyllypinnasta: k21 syvyys 26, k20 s 40,5, k24 s 40,5, k20,5 s 38cm. Kahvat, ota yhteytt\u00e4 &hellip;<\/p>\n<p class=\"read-more\"> <a class=\"thunk-readmore button\" href=\"https:\/\/www.radiomarket.fi\/en\/kohde\/ekub0687-whirlpool-cb281w-jaakaappipakastin-vm-2015-puretaan-tulossa\/\"> <span class=\"screen-reader-text\">EKUB0687 Whirlpool CB281W j\u00e4\u00e4kaappipakastin vm. 2014 PURETAAN<\/span>Read More<\/a><\/p>","protected":false},"featured_media":47448,"template":"","meta":[],"_links":{"self":[{"href":"https:\/\/www.radiomarket.fi\/en\/wp-json\/wp\/v2\/product\/47405"}],"collection":[{"href":"https:\/\/www.radiomarket.fi\/en\/wp-json\/wp\/v2\/product"}],"about":[{"href":"https:\/\/www.radiomarket.fi\/en\/wp-json\/wp\/v2\/types\/product"}],"wp:featuredmedia":[{"embeddable":true,"href":"https:\/\/www.radiomarket.fi\/en\/wp-json\/wp\/v2\/media\/47448"}],"wp:attachment":[{"href":"https:\/\/www.radiomarket.fi\/en\/wp-json\/wp\/v2\/media?parent=47405"}],"curies":[{"name":"wp","href":"https:\/\/api.w.org\/{rel}","templated":true}]}}