{"id":47418,"date":"2024-06-11T15:16:22","date_gmt":"2024-06-11T12:16:22","guid":{"rendered":"https:\/\/www.radiomarket.fi\/?post_type=product&#038;p=47418"},"modified":"2026-01-29T16:05:58","modified_gmt":"2026-01-29T14:05:58","slug":"ekus3416-kyoritsu-d-c-mikroampeerimittari","status":"publish","type":"product","link":"https:\/\/www.radiomarket.fi\/en\/kohde\/ekus3416-kyoritsu-d-c-mikroampeerimittari\/","title":{"rendered":"EKUS3416 Kyoritsu D.C. mikroampeerimittari"},"content":{"rendered":"<p>Sopii noin 69 mm aukkoon.<\/p><p>Kuvan mukainen. Paneelimittarimme ovat p\u00e4\u00e4s\u00e4\u00e4nt\u00f6isesti k\u00e4ytettyj\u00e4, laitteista purettuja, niit\u00e4 ei ole testattu, eik\u00e4 tutkittu tarkemmin. Kyseinen tuote on mahdollisesti k\u00e4ytt\u00e4m\u00e4t\u00f6n.<\/p>","protected":false},"excerpt":{"rendered":"<p>Sopii noin 69 mm aukkoon.Kuvan mukainen. Paneelimittarimme ovat p\u00e4\u00e4s\u00e4\u00e4nt\u00f6isesti k\u00e4ytettyj\u00e4, laitteista purettuja, niit\u00e4 ei ole testattu, eik\u00e4 tutkittu tarkemmin. Kyseinen tuote on mahdollisesti k\u00e4ytt\u00e4m\u00e4t\u00f6n.<\/p>","protected":false},"featured_media":47421,"template":"","meta":[],"_links":{"self":[{"href":"https:\/\/www.radiomarket.fi\/en\/wp-json\/wp\/v2\/product\/47418"}],"collection":[{"href":"https:\/\/www.radiomarket.fi\/en\/wp-json\/wp\/v2\/product"}],"about":[{"href":"https:\/\/www.radiomarket.fi\/en\/wp-json\/wp\/v2\/types\/product"}],"wp:featuredmedia":[{"embeddable":true,"href":"https:\/\/www.radiomarket.fi\/en\/wp-json\/wp\/v2\/media\/47421"}],"wp:attachment":[{"href":"https:\/\/www.radiomarket.fi\/en\/wp-json\/wp\/v2\/media?parent=47418"}],"curies":[{"name":"wp","href":"https:\/\/api.w.org\/{rel}","templated":true}]}}