{"id":47420,"date":"2024-06-11T15:26:37","date_gmt":"2024-06-11T12:26:37","guid":{"rendered":"https:\/\/www.radiomarket.fi\/?post_type=product&#038;p=47420"},"modified":"2024-06-12T10:15:47","modified_gmt":"2024-06-12T07:15:47","slug":"ekub0688-kaasunaamarin-huoltolaatikko-ww2-sa-suomi-tulossa","status":"publish","type":"product","link":"https:\/\/www.radiomarket.fi\/en\/kohde\/ekub0688-kaasunaamarin-huoltolaatikko-ww2-sa-suomi-tulossa\/","title":{"rendered":"EKUB0688 Kaasunaamarin huoltolaatikko WW2 SA Suomi"},"content":{"rendered":"<p>Hyv\u00e4kuntoinen Suomen armeijan kantolaatikko, jota voi soveltaa muuhunkin k\u00e4ytt\u00f6\u00f6n. Alkuper\u00e4iset sis\u00e4llysluettelo ja k\u00e4ytt\u00f6ohje mukana, muuten laatikot tyhji\u00e4.<\/p>","protected":false},"excerpt":{"rendered":"<p>Hyv\u00e4kuntoinen Suomen armeijan kantolaatikko, jota voi soveltaa muuhunkin k\u00e4ytt\u00f6\u00f6n. Alkuper\u00e4iset sis\u00e4llysluettelo ja k\u00e4ytt\u00f6ohje mukana, muuten laatikot tyhji\u00e4.<\/p>","protected":false},"featured_media":47456,"template":"","meta":[],"_links":{"self":[{"href":"https:\/\/www.radiomarket.fi\/en\/wp-json\/wp\/v2\/product\/47420"}],"collection":[{"href":"https:\/\/www.radiomarket.fi\/en\/wp-json\/wp\/v2\/product"}],"about":[{"href":"https:\/\/www.radiomarket.fi\/en\/wp-json\/wp\/v2\/types\/product"}],"wp:featuredmedia":[{"embeddable":true,"href":"https:\/\/www.radiomarket.fi\/en\/wp-json\/wp\/v2\/media\/47456"}],"wp:attachment":[{"href":"https:\/\/www.radiomarket.fi\/en\/wp-json\/wp\/v2\/media?parent=47420"}],"curies":[{"name":"wp","href":"https:\/\/api.w.org\/{rel}","templated":true}]}}