{"id":47436,"date":"2025-02-19T00:01:11","date_gmt":"2025-02-18T22:01:11","guid":{"rendered":"https:\/\/www.radiomarket.fi\/?post_type=product&#038;p=47436"},"modified":"2025-02-18T15:28:31","modified_gmt":"2025-02-18T13:28:31","slug":"ekum0718-mig-21-suihkuhavittajan-moottorien-tehomittari-tulossa","status":"publish","type":"product","link":"https:\/\/www.radiomarket.fi\/en\/kohde\/ekum0718-mig-21-suihkuhavittajan-moottorien-tehomittari-tulossa\/","title":{"rendered":"EKUM0718 MIG 21 suihkuh\u00e4vitt\u00e4j\u00e4n moottorien tehomittari"},"content":{"rendered":"<p>Erilliset viisarit suihkumoottoreille yksi ja kaksi kertovat, miten kone k\u00e4y. Mittariin saa parhaimmillaan huipputehon 110%. Kokonaissyvyys liitinsuojineen 14 cm. Mittarin lasissa on on tarraliimaa, joka unohtui poistaa ennen valokuvausta. Eli liima l\u00e4htee helposti pois.<\/p>","protected":false},"excerpt":{"rendered":"<p>Erilliset viisarit suihkumoottoreille yksi ja kaksi kertovat, miten kone k\u00e4y. Mittariin saa parhaimmillaan huipputehon 110%. Kokonaissyvyys liitinsuojineen 14 cm. Mittarin lasissa on on tarraliimaa, joka unohtui poistaa ennen valokuvausta. Eli liima l\u00e4htee helposti pois.<\/p>","protected":false},"featured_media":47453,"template":"","meta":[],"_links":{"self":[{"href":"https:\/\/www.radiomarket.fi\/en\/wp-json\/wp\/v2\/product\/47436"}],"collection":[{"href":"https:\/\/www.radiomarket.fi\/en\/wp-json\/wp\/v2\/product"}],"about":[{"href":"https:\/\/www.radiomarket.fi\/en\/wp-json\/wp\/v2\/types\/product"}],"wp:featuredmedia":[{"embeddable":true,"href":"https:\/\/www.radiomarket.fi\/en\/wp-json\/wp\/v2\/media\/47453"}],"wp:attachment":[{"href":"https:\/\/www.radiomarket.fi\/en\/wp-json\/wp\/v2\/media?parent=47436"}],"curies":[{"name":"wp","href":"https:\/\/api.w.org\/{rel}","templated":true}]}}