{"id":47482,"date":"2024-06-12T12:48:58","date_gmt":"2024-06-12T09:48:58","guid":{"rendered":"https:\/\/www.radiomarket.fi\/?post_type=product&#038;p=47482"},"modified":"2024-06-12T12:57:27","modified_gmt":"2024-06-12T09:57:27","slug":"ekus3426-crompton-ampeerimittari-50-1a","status":"publish","type":"product","link":"https:\/\/www.radiomarket.fi\/en\/kohde\/ekus3426-crompton-ampeerimittari-50-1a\/","title":{"rendered":"EKUS3426 Crompton ampeerimittari 50-1A"},"content":{"rendered":"<p>Sopii noin 68 mm aukkoon.<\/p><p>Kuvan mukainen. Paneelimittarimme ovat p\u00e4\u00e4s\u00e4\u00e4nt\u00f6isesti k\u00e4ytettyj\u00e4, laitteista purettuja, niit\u00e4 ei ole testattu, eik\u00e4 tutkittu tarkemmin.<\/p>","protected":false},"excerpt":{"rendered":"<p>Sopii noin 68 mm aukkoon.Kuvan mukainen. Paneelimittarimme ovat p\u00e4\u00e4s\u00e4\u00e4nt\u00f6isesti k\u00e4ytettyj\u00e4, laitteista purettuja, niit\u00e4 ei ole testattu, eik\u00e4 tutkittu tarkemmin.<\/p>","protected":false},"featured_media":47485,"template":"","meta":[],"_links":{"self":[{"href":"https:\/\/www.radiomarket.fi\/en\/wp-json\/wp\/v2\/product\/47482"}],"collection":[{"href":"https:\/\/www.radiomarket.fi\/en\/wp-json\/wp\/v2\/product"}],"about":[{"href":"https:\/\/www.radiomarket.fi\/en\/wp-json\/wp\/v2\/types\/product"}],"wp:featuredmedia":[{"embeddable":true,"href":"https:\/\/www.radiomarket.fi\/en\/wp-json\/wp\/v2\/media\/47485"}],"wp:attachment":[{"href":"https:\/\/www.radiomarket.fi\/en\/wp-json\/wp\/v2\/media?parent=47482"}],"curies":[{"name":"wp","href":"https:\/\/api.w.org\/{rel}","templated":true}]}}