{"id":47490,"date":"2024-06-12T15:42:38","date_gmt":"2024-06-12T12:42:38","guid":{"rendered":"https:\/\/www.radiomarket.fi\/?post_type=product&#038;p=47490"},"modified":"2024-06-13T08:48:38","modified_gmt":"2024-06-13T05:48:38","slug":"ekum0720-mi-8-helikopterin-keinohorisontti","status":"publish","type":"product","link":"https:\/\/www.radiomarket.fi\/en\/kohde\/ekum0720-mi-8-helikopterin-keinohorisontti\/","title":{"rendered":"EKUM0720 MI-8 helikopterin keinohorisontti"},"content":{"rendered":"<p>Keinohorisontti tyyppi 1122B, AGD-1. P\u00e4\u00e4llyspelliss\u00e4 lontto, musta nuppi hieman v\u00e4\u00e4ntynyt. Mitat ilmoitettu ilman nuppeja.<\/p>","protected":false},"excerpt":{"rendered":"<p>Keinohorisontti tyyppi 1122B, AGD-1. P\u00e4\u00e4llyspelliss\u00e4 lontto, musta nuppi hieman v\u00e4\u00e4ntynyt. Mitat ilmoitettu ilman nuppeja.<\/p>","protected":false},"featured_media":47514,"template":"","meta":[],"_links":{"self":[{"href":"https:\/\/www.radiomarket.fi\/en\/wp-json\/wp\/v2\/product\/47490"}],"collection":[{"href":"https:\/\/www.radiomarket.fi\/en\/wp-json\/wp\/v2\/product"}],"about":[{"href":"https:\/\/www.radiomarket.fi\/en\/wp-json\/wp\/v2\/types\/product"}],"wp:featuredmedia":[{"embeddable":true,"href":"https:\/\/www.radiomarket.fi\/en\/wp-json\/wp\/v2\/media\/47514"}],"wp:attachment":[{"href":"https:\/\/www.radiomarket.fi\/en\/wp-json\/wp\/v2\/media?parent=47490"}],"curies":[{"name":"wp","href":"https:\/\/api.w.org\/{rel}","templated":true}]}}