{"id":47564,"date":"2024-06-13T21:50:35","date_gmt":"2024-06-13T18:50:35","guid":{"rendered":"https:\/\/www.radiomarket.fi\/?post_type=product&#038;p=47564"},"modified":"2024-06-22T10:37:17","modified_gmt":"2024-06-22T07:37:17","slug":"ekub0690-nigerialaiskirje-vuodelta-1998","status":"publish","type":"product","link":"https:\/\/www.radiomarket.fi\/en\/kohde\/ekub0690-nigerialaiskirje-vuodelta-1998\/","title":{"rendered":"EKUB0690 Nigerialaiskirje vuodelta 1998"},"content":{"rendered":"<p>Alkuper\u00e4inen huijauskirje ajalta ennen nettihuijauksia. Haluatko miljon\u00e4\u00e4riksi?<\/p>","protected":false},"excerpt":{"rendered":"<p>Kirjetoimitustuotteita kannattaa tilata kerralla useampiakin, yksi lis\u00e4tuote lis\u00e4\u00e4 postikulua vain 10 sentill\u00e4 (tilanne 6\/2024, voi muuttua)<\/p>","protected":false},"featured_media":47565,"template":"","meta":[],"_links":{"self":[{"href":"https:\/\/www.radiomarket.fi\/en\/wp-json\/wp\/v2\/product\/47564"}],"collection":[{"href":"https:\/\/www.radiomarket.fi\/en\/wp-json\/wp\/v2\/product"}],"about":[{"href":"https:\/\/www.radiomarket.fi\/en\/wp-json\/wp\/v2\/types\/product"}],"wp:featuredmedia":[{"embeddable":true,"href":"https:\/\/www.radiomarket.fi\/en\/wp-json\/wp\/v2\/media\/47565"}],"wp:attachment":[{"href":"https:\/\/www.radiomarket.fi\/en\/wp-json\/wp\/v2\/media?parent=47564"}],"curies":[{"name":"wp","href":"https:\/\/api.w.org\/{rel}","templated":true}]}}