{"id":47619,"date":"2024-06-15T12:39:44","date_gmt":"2024-06-15T09:39:44","guid":{"rendered":"https:\/\/www.radiomarket.fi\/?post_type=product&#038;p=47619"},"modified":"2024-06-15T12:52:17","modified_gmt":"2024-06-15T09:52:17","slug":"ekus3457-ampeerimittari-0-1-0","status":"publish","type":"product","link":"https:\/\/www.radiomarket.fi\/en\/kohde\/ekus3457-ampeerimittari-0-1-0\/","title":{"rendered":"EKUS3457 ampeerimittari 0-1.0"},"content":{"rendered":"<p>Sopii noin 64 mm aukkoon.\u00a0<\/p><p>Kuvan mukainen. Paneelimittarimme ovat p\u00e4\u00e4s\u00e4\u00e4nt\u00f6isesti k\u00e4ytettyj\u00e4, laitteista purettuja, niit\u00e4 ei ole testattu, eik\u00e4 tutkittu tarkemmin.\u00a0<\/p>","protected":false},"excerpt":{"rendered":"<p>Sopii noin 64 mm aukkoon.\u00a0Kuvan mukainen. Paneelimittarimme ovat p\u00e4\u00e4s\u00e4\u00e4nt\u00f6isesti k\u00e4ytettyj\u00e4, laitteista purettuja, niit\u00e4 ei ole testattu, eik\u00e4 tutkittu tarkemmin.\u00a0<\/p>","protected":false},"featured_media":47621,"template":"","meta":[],"_links":{"self":[{"href":"https:\/\/www.radiomarket.fi\/en\/wp-json\/wp\/v2\/product\/47619"}],"collection":[{"href":"https:\/\/www.radiomarket.fi\/en\/wp-json\/wp\/v2\/product"}],"about":[{"href":"https:\/\/www.radiomarket.fi\/en\/wp-json\/wp\/v2\/types\/product"}],"wp:featuredmedia":[{"embeddable":true,"href":"https:\/\/www.radiomarket.fi\/en\/wp-json\/wp\/v2\/media\/47621"}],"wp:attachment":[{"href":"https:\/\/www.radiomarket.fi\/en\/wp-json\/wp\/v2\/media?parent=47619"}],"curies":[{"name":"wp","href":"https:\/\/api.w.org\/{rel}","templated":true}]}}