{"id":47629,"date":"2024-06-15T13:28:07","date_gmt":"2024-06-15T10:28:07","guid":{"rendered":"https:\/\/www.radiomarket.fi\/?post_type=product&#038;p=47629"},"modified":"2024-06-26T22:09:14","modified_gmt":"2024-06-26T19:09:14","slug":"ekub0692-whirlpool-logo-vuodelta-2014","status":"publish","type":"product","link":"https:\/\/www.radiomarket.fi\/en\/kohde\/ekub0692-whirlpool-logo-vuodelta-2014\/","title":{"rendered":"EKUB0692 Whirlpool logo vuodelta 2014"},"content":{"rendered":"<p>J\u00e4\u00e4kaapista, leveys 65 mm.<\/p>","protected":false},"excerpt":{"rendered":"<p>Kirjetoimitustuotteita kannattaa tilata kerralla useampiakin, yksi lis\u00e4tuote lis\u00e4\u00e4 postikulua vain 10 sentill\u00e4 (tilanne 6\/2024, voi muuttua)<\/p>","protected":false},"featured_media":47737,"template":"","meta":[],"_links":{"self":[{"href":"https:\/\/www.radiomarket.fi\/en\/wp-json\/wp\/v2\/product\/47629"}],"collection":[{"href":"https:\/\/www.radiomarket.fi\/en\/wp-json\/wp\/v2\/product"}],"about":[{"href":"https:\/\/www.radiomarket.fi\/en\/wp-json\/wp\/v2\/types\/product"}],"wp:featuredmedia":[{"embeddable":true,"href":"https:\/\/www.radiomarket.fi\/en\/wp-json\/wp\/v2\/media\/47737"}],"wp:attachment":[{"href":"https:\/\/www.radiomarket.fi\/en\/wp-json\/wp\/v2\/media?parent=47629"}],"curies":[{"name":"wp","href":"https:\/\/api.w.org\/{rel}","templated":true}]}}