{"id":47648,"date":"2024-06-18T12:31:59","date_gmt":"2024-06-18T09:31:59","guid":{"rendered":"https:\/\/www.radiomarket.fi\/?post_type=product&#038;p=47648"},"modified":"2024-06-18T13:40:37","modified_gmt":"2024-06-18T10:40:37","slug":"ekus3462-shinohara-ampeerimittari-0-30","status":"publish","type":"product","link":"https:\/\/www.radiomarket.fi\/en\/kohde\/ekus3462-shinohara-ampeerimittari-0-30\/","title":{"rendered":"EKUS3462 Shinohara ampeerimittari 0-30"},"content":{"rendered":"<p>Sopii noin 53 mm aukkoon.\u00a0<\/p><p>Kuvan mukainen. Paneelimittarimme ovat p\u00e4\u00e4s\u00e4\u00e4nt\u00f6isesti k\u00e4ytettyj\u00e4, laitteista purettuja, niit\u00e4 ei ole testattu, eik\u00e4 tutkittu tarkemmin.\u00a0<\/p>","protected":false},"excerpt":{"rendered":"<p>Sopii noin 53 mm aukkoon.\u00a0Kuvan mukainen. Paneelimittarimme ovat p\u00e4\u00e4s\u00e4\u00e4nt\u00f6isesti k\u00e4ytettyj\u00e4, laitteista purettuja, niit\u00e4 ei ole testattu, eik\u00e4 tutkittu tarkemmin.\u00a0<\/p>","protected":false},"featured_media":47650,"template":"","meta":[],"_links":{"self":[{"href":"https:\/\/www.radiomarket.fi\/en\/wp-json\/wp\/v2\/product\/47648"}],"collection":[{"href":"https:\/\/www.radiomarket.fi\/en\/wp-json\/wp\/v2\/product"}],"about":[{"href":"https:\/\/www.radiomarket.fi\/en\/wp-json\/wp\/v2\/types\/product"}],"wp:featuredmedia":[{"embeddable":true,"href":"https:\/\/www.radiomarket.fi\/en\/wp-json\/wp\/v2\/media\/47650"}],"wp:attachment":[{"href":"https:\/\/www.radiomarket.fi\/en\/wp-json\/wp\/v2\/media?parent=47648"}],"curies":[{"name":"wp","href":"https:\/\/api.w.org\/{rel}","templated":true}]}}