{"id":47658,"date":"2024-06-18T14:13:58","date_gmt":"2024-06-18T11:13:58","guid":{"rendered":"https:\/\/www.radiomarket.fi\/?post_type=product&#038;p=47658"},"modified":"2024-06-18T14:35:12","modified_gmt":"2024-06-18T11:35:12","slug":"ekus3465-monacor-milliampeerimittari-0-50","status":"publish","type":"product","link":"https:\/\/www.radiomarket.fi\/en\/kohde\/ekus3465-monacor-milliampeerimittari-0-50\/","title":{"rendered":"EKUS3465 Monacor milliampeerimittari 0-50"},"content":{"rendered":"<p>Sopii noin 32 mm aukkoon.\u00a0<\/p><p>Kuvan mukainen. Paneelimittarimme ovat p\u00e4\u00e4s\u00e4\u00e4nt\u00f6isesti k\u00e4ytettyj\u00e4, laitteista purettuja, niit\u00e4 ei ole testattu, eik\u00e4 tutkittu tarkemmin.\u00a0<\/p>","protected":false},"excerpt":{"rendered":"<p>Sopii noin 32 mm aukkoon.\u00a0Kuvan mukainen. Paneelimittarimme ovat p\u00e4\u00e4s\u00e4\u00e4nt\u00f6isesti k\u00e4ytettyj\u00e4, laitteista purettuja, niit\u00e4 ei ole testattu, eik\u00e4 tutkittu tarkemmin.\u00a0<\/p>","protected":false},"featured_media":47660,"template":"","meta":[],"_links":{"self":[{"href":"https:\/\/www.radiomarket.fi\/en\/wp-json\/wp\/v2\/product\/47658"}],"collection":[{"href":"https:\/\/www.radiomarket.fi\/en\/wp-json\/wp\/v2\/product"}],"about":[{"href":"https:\/\/www.radiomarket.fi\/en\/wp-json\/wp\/v2\/types\/product"}],"wp:featuredmedia":[{"embeddable":true,"href":"https:\/\/www.radiomarket.fi\/en\/wp-json\/wp\/v2\/media\/47660"}],"wp:attachment":[{"href":"https:\/\/www.radiomarket.fi\/en\/wp-json\/wp\/v2\/media?parent=47658"}],"curies":[{"name":"wp","href":"https:\/\/api.w.org\/{rel}","templated":true}]}}