{"id":47672,"date":"2024-06-18T15:34:11","date_gmt":"2024-06-18T12:34:11","guid":{"rendered":"https:\/\/www.radiomarket.fi\/?post_type=product&#038;p=47672"},"modified":"2024-06-18T15:59:48","modified_gmt":"2024-06-18T12:59:48","slug":"ekus3469-sew-model-st-60-volttimittari-0-300","status":"publish","type":"product","link":"https:\/\/www.radiomarket.fi\/en\/kohde\/ekus3469-sew-model-st-60-volttimittari-0-300\/","title":{"rendered":"EKUS3469 Sew model ST-60 volttimittari 0-300"},"content":{"rendered":"<p>Sopii noin 52 mm aukkoon.\u00a0<\/p><p>Kuvan mukainen. Paneelimittarimme ovat p\u00e4\u00e4s\u00e4\u00e4nt\u00f6isesti k\u00e4ytettyj\u00e4, laitteista purettuja, niit\u00e4 ei ole testattu, eik\u00e4 tutkittu tarkemmin. T\u00e4m\u00e4 tuote luultavasti k\u00e4ytt\u00e4m\u00e4t\u00f6n.<\/p>","protected":false},"excerpt":{"rendered":"<p>Sopii noin 52 mm aukkoon.\u00a0Kuvan mukainen. Paneelimittarimme ovat p\u00e4\u00e4s\u00e4\u00e4nt\u00f6isesti k\u00e4ytettyj\u00e4, laitteista purettuja, niit\u00e4 ei ole testattu, eik\u00e4 tutkittu tarkemmin. T\u00e4m\u00e4 tuote luultavasti k\u00e4ytt\u00e4m\u00e4t\u00f6n.<\/p>","protected":false},"featured_media":47674,"template":"","meta":[],"_links":{"self":[{"href":"https:\/\/www.radiomarket.fi\/en\/wp-json\/wp\/v2\/product\/47672"}],"collection":[{"href":"https:\/\/www.radiomarket.fi\/en\/wp-json\/wp\/v2\/product"}],"about":[{"href":"https:\/\/www.radiomarket.fi\/en\/wp-json\/wp\/v2\/types\/product"}],"wp:featuredmedia":[{"embeddable":true,"href":"https:\/\/www.radiomarket.fi\/en\/wp-json\/wp\/v2\/media\/47674"}],"wp:attachment":[{"href":"https:\/\/www.radiomarket.fi\/en\/wp-json\/wp\/v2\/media?parent=47672"}],"curies":[{"name":"wp","href":"https:\/\/api.w.org\/{rel}","templated":true}]}}