{"id":47694,"date":"2025-09-06T11:55:26","date_gmt":"2025-09-06T08:55:26","guid":{"rendered":"https:\/\/www.radiomarket.fi\/?post_type=product&#038;p=47694"},"modified":"2025-09-06T15:31:10","modified_gmt":"2025-09-06T12:31:10","slug":"ekus3473-vu-meter-20-0-3","status":"publish","type":"product","link":"https:\/\/www.radiomarket.fi\/en\/kohde\/ekus3473-vu-meter-20-0-3\/","title":{"rendered":"EKUS3473 VU -meter 20-0-3 (EKUM)"},"content":{"rendered":"<p>Sopii noin 17 mm aukkoon.\u00a0<\/p><p>Kuvan mukainen. Paneelimittarimme ovat p\u00e4\u00e4s\u00e4\u00e4nt\u00f6isesti k\u00e4ytettyj\u00e4, laitteista purettuja, niit\u00e4 ei ole testattu, eik\u00e4 tutkittu tarkemmin.<\/p>","protected":false},"excerpt":{"rendered":"<p>Sopii noin 17 mm aukkoon.\u00a0Kuvan mukainen. Paneelimittarimme ovat p\u00e4\u00e4s\u00e4\u00e4nt\u00f6isesti k\u00e4ytettyj\u00e4, laitteista purettuja, niit\u00e4 ei ole testattu, eik\u00e4 tutkittu tarkemmin.<\/p>","protected":false},"featured_media":47696,"template":"","meta":[],"_links":{"self":[{"href":"https:\/\/www.radiomarket.fi\/en\/wp-json\/wp\/v2\/product\/47694"}],"collection":[{"href":"https:\/\/www.radiomarket.fi\/en\/wp-json\/wp\/v2\/product"}],"about":[{"href":"https:\/\/www.radiomarket.fi\/en\/wp-json\/wp\/v2\/types\/product"}],"wp:featuredmedia":[{"embeddable":true,"href":"https:\/\/www.radiomarket.fi\/en\/wp-json\/wp\/v2\/media\/47696"}],"wp:attachment":[{"href":"https:\/\/www.radiomarket.fi\/en\/wp-json\/wp\/v2\/media?parent=47694"}],"curies":[{"name":"wp","href":"https:\/\/api.w.org\/{rel}","templated":true}]}}