{"id":47708,"date":"2024-06-25T14:25:18","date_gmt":"2024-06-25T11:25:18","guid":{"rendered":"https:\/\/www.radiomarket.fi\/?post_type=product&#038;p=47708"},"modified":"2024-09-27T15:02:19","modified_gmt":"2024-09-27T12:02:19","slug":"ekus3474-grasslin-uni-45-meter","status":"publish","type":"product","link":"https:\/\/www.radiomarket.fi\/en\/kohde\/ekus3474-grasslin-uni-45-meter\/","title":{"rendered":"EKUS3474 Gr\u00e4sslin UNI 45 ajastinkello"},"content":{"rendered":"<p>Kiskoasennus. Jos t\u00e4h\u00e4n malliin kuuluu ratsastajat eli irtonaiset aikaraja-asettimet, niit\u00e4 ei ole mukana.<\/p><p>N\u00e4ytt\u00e4\u00e4 muuten k\u00e4ytt\u00e4m\u00e4tt\u00f6m\u00e4lt\u00e4.<\/p>","protected":false},"excerpt":{"rendered":"<p>Kiskoasennus. Jos t\u00e4h\u00e4n malliin kuuluu ratsastajat eli irtonaiset aikaraja-asettimet, niit\u00e4 ei ole mukana.N\u00e4ytt\u00e4\u00e4 muuten k\u00e4ytt\u00e4m\u00e4tt\u00f6m\u00e4lt\u00e4.<\/p>","protected":false},"featured_media":47709,"template":"","meta":[],"_links":{"self":[{"href":"https:\/\/www.radiomarket.fi\/en\/wp-json\/wp\/v2\/product\/47708"}],"collection":[{"href":"https:\/\/www.radiomarket.fi\/en\/wp-json\/wp\/v2\/product"}],"about":[{"href":"https:\/\/www.radiomarket.fi\/en\/wp-json\/wp\/v2\/types\/product"}],"wp:featuredmedia":[{"embeddable":true,"href":"https:\/\/www.radiomarket.fi\/en\/wp-json\/wp\/v2\/media\/47709"}],"wp:attachment":[{"href":"https:\/\/www.radiomarket.fi\/en\/wp-json\/wp\/v2\/media?parent=47708"}],"curies":[{"name":"wp","href":"https:\/\/api.w.org\/{rel}","templated":true}]}}