{"id":47720,"date":"2024-06-26T20:08:07","date_gmt":"2024-06-26T17:08:07","guid":{"rendered":"https:\/\/www.radiomarket.fi\/?post_type=product&#038;p=47720"},"modified":"2024-06-26T21:50:50","modified_gmt":"2024-06-26T18:50:50","slug":"ekum0722-stahanovilainen-poytakello-vuodelta-1956-toimii-tulossa","status":"publish","type":"product","link":"https:\/\/www.radiomarket.fi\/en\/kohde\/ekum0722-stahanovilainen-poytakello-vuodelta-1956-toimii-tulossa\/","title":{"rendered":"EKUM0722 Stalinin aikainen p\u00f6yt\u00e4kello vuodelta 1951 toimii"},"content":{"rendered":"<p>Neuvostoliittolainen mahdollisesti seitsem\u00e4n p\u00e4iv\u00e4n kello (emme jaksaneet seurata montako p\u00e4iv\u00e4\u00e4 kello jaksaa k\u00e4yd\u00e4 yhdell\u00e4 vedolla). Ulkokeh\u00e4lt\u00e4 vedett\u00e4v\u00e4 koneisto oli k\u00e4yt\u00f6ss\u00e4 my\u00f6s monissa ajoneuvoissa mukaan lukien lentokoneet.<\/p>","protected":false},"excerpt":{"rendered":"<p>Neuvostoliittolainen mahdollisesti seitsem\u00e4n p\u00e4iv\u00e4n kello (emme jaksaneet seurata montako p\u00e4iv\u00e4\u00e4 kello jaksaa k\u00e4yd\u00e4 yhdell\u00e4 vedolla). Ulkokeh\u00e4lt\u00e4 vedett\u00e4v\u00e4 koneisto oli k\u00e4yt\u00f6ss\u00e4 my\u00f6s monissa ajoneuvoissa mukaan lukien lentokoneet.<\/p>","protected":false},"featured_media":47727,"template":"","meta":[],"_links":{"self":[{"href":"https:\/\/www.radiomarket.fi\/en\/wp-json\/wp\/v2\/product\/47720"}],"collection":[{"href":"https:\/\/www.radiomarket.fi\/en\/wp-json\/wp\/v2\/product"}],"about":[{"href":"https:\/\/www.radiomarket.fi\/en\/wp-json\/wp\/v2\/types\/product"}],"wp:featuredmedia":[{"embeddable":true,"href":"https:\/\/www.radiomarket.fi\/en\/wp-json\/wp\/v2\/media\/47727"}],"wp:attachment":[{"href":"https:\/\/www.radiomarket.fi\/en\/wp-json\/wp\/v2\/media?parent=47720"}],"curies":[{"name":"wp","href":"https:\/\/api.w.org\/{rel}","templated":true}]}}