{"id":47847,"date":"2024-07-18T10:29:12","date_gmt":"2024-07-18T07:29:12","guid":{"rendered":"https:\/\/www.radiomarket.fi\/?post_type=product&#038;p=47847"},"modified":"2024-07-18T12:33:14","modified_gmt":"2024-07-18T09:33:14","slug":"ekum3600-muuntaja-nordell-koskinen","status":"publish","type":"product","link":"https:\/\/www.radiomarket.fi\/en\/kohde\/ekum3600-muuntaja-nordell-koskinen\/","title":{"rendered":"EKUM3600 Muuntaja Nordell &amp; Koskinen"},"content":{"rendered":"<p>Fyysiset mitat: korkeus 37 mm x 67 mm<br \/>Kiinnityspisteiden v\u00e4liset mitat: 60 mm<br \/>Resistanssi: ei mitattu<br \/><br \/>Meid\u00e4n myymi\u00e4mme muuntajia ei ole p\u00e4\u00e4s\u00e4\u00e4nt\u00f6isesti testattu. Esimerkiksi resistanssi on mitattu vain, mik\u00e4li se on tuotetiedoissa ilmoitettu. Lis\u00e4\u00e4 muuntajia kategoriassa Muuntajat ja verkkolaitteet. Varmistathan tarvittaessa fyysisten mittojen sopivuuden.<\/p>","protected":false},"excerpt":{"rendered":"<p>Fyysiset mitat: korkeus 37 mm x 67 mmKiinnityspisteiden v\u00e4liset mitat: 60 mmResistanssi: ei mitattuMeid\u00e4n myymi\u00e4mme muuntajia ei ole p\u00e4\u00e4s\u00e4\u00e4nt\u00f6isesti testattu. Esimerkiksi resistanssi on mitattu vain, mik\u00e4li se on tuotetiedoissa ilmoitettu. Lis\u00e4\u00e4 muuntajia kategoriassa Muuntajat ja verkkolaitteet. Varmistathan tarvittaessa fyysisten mittojen sopivuuden.<\/p>","protected":false},"featured_media":47853,"template":"","meta":[],"_links":{"self":[{"href":"https:\/\/www.radiomarket.fi\/en\/wp-json\/wp\/v2\/product\/47847"}],"collection":[{"href":"https:\/\/www.radiomarket.fi\/en\/wp-json\/wp\/v2\/product"}],"about":[{"href":"https:\/\/www.radiomarket.fi\/en\/wp-json\/wp\/v2\/types\/product"}],"wp:featuredmedia":[{"embeddable":true,"href":"https:\/\/www.radiomarket.fi\/en\/wp-json\/wp\/v2\/media\/47853"}],"wp:attachment":[{"href":"https:\/\/www.radiomarket.fi\/en\/wp-json\/wp\/v2\/media?parent=47847"}],"curies":[{"name":"wp","href":"https:\/\/api.w.org\/{rel}","templated":true}]}}