{"id":47861,"date":"2024-07-18T13:02:35","date_gmt":"2024-07-18T10:02:35","guid":{"rendered":"https:\/\/www.radiomarket.fi\/?post_type=product&#038;p=47861"},"modified":"2024-07-18T14:34:15","modified_gmt":"2024-07-18T11:34:15","slug":"ekum3601-verkkomuuntaja-220v-me-202-17-5-0-17-5v-kopio","status":"publish","type":"product","link":"https:\/\/www.radiomarket.fi\/en\/kohde\/ekum3601-verkkomuuntaja-220v-me-202-17-5-0-17-5v-kopio\/","title":{"rendered":"EKUM3601 Verkkomuuntaja 220V ME 202 17.5 &#8211; 0- 17.5V"},"content":{"rendered":"<p>Fyysiset mitat: korkeus 95 mm x 105 mm<br \/>Kiinnityspisteiden v\u00e4liset mitat:\u00a0 aluslevy 100 mm tai muuntajanrunko 50 x 65 mm<br \/>Resistanssi: ei mitattu<br \/><br \/>Meid\u00e4n myymi\u00e4mme muuntajia ei ole p\u00e4\u00e4s\u00e4\u00e4nt\u00f6isesti testattu. Esimerkiksi resistanssi on mitattu vain, mik\u00e4li se on tuotetiedoissa ilmoitettu. Lis\u00e4\u00e4 muuntajia kategoriassa Muuntajat ja verkkolaitteet. Varmistathan tarvittaessa fyysisten mittojen sopivuuden. Ei tutkittu tarkemmin, muuntajan saa asentaa vain ammattihuolto.<\/p>","protected":false},"excerpt":{"rendered":"<p>Fyysiset mitat: korkeus 95 mm x 105 mmKiinnityspisteiden v\u00e4liset mitat:\u00a0 aluslevy 100 mm tai muuntajanrunko 50 x 65 mmResistanssi: ei mitattuMeid\u00e4n myymi\u00e4mme muuntajia ei ole p\u00e4\u00e4s\u00e4\u00e4nt\u00f6isesti testattu. Esimerkiksi resistanssi on mitattu vain, mik\u00e4li se on tuotetiedoissa ilmoitettu. Lis\u00e4\u00e4 muuntajia kategoriassa Muuntajat ja verkkolaitteet. Varmistathan tarvittaessa fyysisten mittojen sopivuuden. Ei tutkittu tarkemmin, muuntajan saa asentaa vain &hellip;<\/p>\n<p class=\"read-more\"> <a class=\"thunk-readmore button\" href=\"https:\/\/www.radiomarket.fi\/en\/kohde\/ekum3601-verkkomuuntaja-220v-me-202-17-5-0-17-5v-kopio\/\"> <span class=\"screen-reader-text\">EKUM3601 Verkkomuuntaja 220V ME 202 17.5 &#8211; 0- 17.5V<\/span>Read More<\/a><\/p>","protected":false},"featured_media":47858,"template":"","meta":[],"_links":{"self":[{"href":"https:\/\/www.radiomarket.fi\/en\/wp-json\/wp\/v2\/product\/47861"}],"collection":[{"href":"https:\/\/www.radiomarket.fi\/en\/wp-json\/wp\/v2\/product"}],"about":[{"href":"https:\/\/www.radiomarket.fi\/en\/wp-json\/wp\/v2\/types\/product"}],"wp:featuredmedia":[{"embeddable":true,"href":"https:\/\/www.radiomarket.fi\/en\/wp-json\/wp\/v2\/media\/47858"}],"wp:attachment":[{"href":"https:\/\/www.radiomarket.fi\/en\/wp-json\/wp\/v2\/media?parent=47861"}],"curies":[{"name":"wp","href":"https:\/\/api.w.org\/{rel}","templated":true}]}}