{"id":48040,"date":"2024-07-20T14:50:06","date_gmt":"2024-07-20T11:50:06","guid":{"rendered":"https:\/\/www.radiomarket.fi\/?post_type=product&#038;p=48040"},"modified":"2024-07-20T15:03:52","modified_gmt":"2024-07-20T12:03:52","slug":"ekum3638-verkkomuuntaja-0-110-v-127-v-220-v-50va","status":"publish","type":"product","link":"https:\/\/www.radiomarket.fi\/en\/kohde\/ekum3638-verkkomuuntaja-0-110-v-127-v-220-v-50va\/","title":{"rendered":"EKUM3638 Verkkomuuntaja 0 110 V 127 V 220 V 50VA"},"content":{"rendered":"<p>Fyysiset mitat: korkeus 75 mm x kanta 65 mm<\/p><p>Kiinnityspisteiden v\u00e4liset mitat: 50 mm x 55 mm<\/p><p>Resistanssi: ei mitattu<\/p><p>&nbsp;<\/p><p><br \/>Meid\u00e4n myymi\u00e4mme muuntajia ei ole p\u00e4\u00e4s\u00e4\u00e4nt\u00f6isesti testattu. Esimerkiksi resistanssi on mitattu vain, mik\u00e4li se on tuotetiedoissa ilmoitettu. Lis\u00e4\u00e4 muuntajia kategoriassa Muuntajat ja verkkolaitteet. Varmistathan tarvittaessa fyysisten mittojen sopivuuden. Ei tutkittu tarkemmin, muuntajan saa asentaa vain ammattihuolto.<\/p>","protected":false},"excerpt":{"rendered":"<p>Fyysiset mitat: korkeus 75 mm x kanta 65 mmKiinnityspisteiden v\u00e4liset mitat: 50 mm x 55 mmResistanssi: ei mitattu&nbsp;Meid\u00e4n myymi\u00e4mme muuntajia ei ole p\u00e4\u00e4s\u00e4\u00e4nt\u00f6isesti testattu. Esimerkiksi resistanssi on mitattu vain, mik\u00e4li se on tuotetiedoissa ilmoitettu. Lis\u00e4\u00e4 muuntajia kategoriassa Muuntajat ja verkkolaitteet. Varmistathan tarvittaessa fyysisten mittojen sopivuuden. Ei tutkittu tarkemmin, muuntajan saa asentaa vain ammattihuolto.<\/p>","protected":false},"featured_media":48041,"template":"","meta":[],"_links":{"self":[{"href":"https:\/\/www.radiomarket.fi\/en\/wp-json\/wp\/v2\/product\/48040"}],"collection":[{"href":"https:\/\/www.radiomarket.fi\/en\/wp-json\/wp\/v2\/product"}],"about":[{"href":"https:\/\/www.radiomarket.fi\/en\/wp-json\/wp\/v2\/types\/product"}],"wp:featuredmedia":[{"embeddable":true,"href":"https:\/\/www.radiomarket.fi\/en\/wp-json\/wp\/v2\/media\/48041"}],"wp:attachment":[{"href":"https:\/\/www.radiomarket.fi\/en\/wp-json\/wp\/v2\/media?parent=48040"}],"curies":[{"name":"wp","href":"https:\/\/api.w.org\/{rel}","templated":true}]}}