{"id":48278,"date":"2024-07-25T11:22:52","date_gmt":"2024-07-25T08:22:52","guid":{"rendered":"https:\/\/www.radiomarket.fi\/?post_type=product&#038;p=48278"},"modified":"2024-07-25T23:27:06","modified_gmt":"2024-07-25T20:27:06","slug":"ekua3802-skantic-sonett-typ-i-76v-176v","status":"publish","type":"product","link":"https:\/\/www.radiomarket.fi\/en\/kohde\/ekua3802-skantic-sonett-typ-i-76v-176v\/","title":{"rendered":"EKUA3802 Skantic Sonett Typ I 76V (176V?)"},"content":{"rendered":"<p>\u00a0Ei tutkittu tarkemmin.<strong><br \/><br \/>Seuraavat osat puuttuvat tai viallisia:<\/strong><\/p><p>-nupit puuttuu<br \/>-kotelon p\u00e4\u00e4ty irvist\u00e4\u00e4 ja viilua puuttuu<br \/>-pohjalevy puuttuu<\/p><p>Tutkittu pintapuolisesti varastointivaiheessa. Tuotteesta voi olla purettu muitakin osia tai siin\u00e4 voi olla muita puutteita. Varmista tietojen oikeellisuus myyj\u00e4lt\u00e4. Ei tutkittu tarkemmin.<\/p>","protected":false},"excerpt":{"rendered":"<p>\u00a0Ei tutkittu tarkemmin.Seuraavat osat puuttuvat tai viallisia:-nupit puuttuu-kotelon p\u00e4\u00e4ty irvist\u00e4\u00e4 ja viilua puuttuu-pohjalevy puuttuuTutkittu pintapuolisesti varastointivaiheessa. Tuotteesta voi olla purettu muitakin osia tai siin\u00e4 voi olla muita puutteita. Varmista tietojen oikeellisuus myyj\u00e4lt\u00e4. Ei tutkittu tarkemmin.<\/p>","protected":false},"featured_media":48406,"template":"","meta":[],"_links":{"self":[{"href":"https:\/\/www.radiomarket.fi\/en\/wp-json\/wp\/v2\/product\/48278"}],"collection":[{"href":"https:\/\/www.radiomarket.fi\/en\/wp-json\/wp\/v2\/product"}],"about":[{"href":"https:\/\/www.radiomarket.fi\/en\/wp-json\/wp\/v2\/types\/product"}],"wp:featuredmedia":[{"embeddable":true,"href":"https:\/\/www.radiomarket.fi\/en\/wp-json\/wp\/v2\/media\/48406"}],"wp:attachment":[{"href":"https:\/\/www.radiomarket.fi\/en\/wp-json\/wp\/v2\/media?parent=48278"}],"curies":[{"name":"wp","href":"https:\/\/api.w.org\/{rel}","templated":true}]}}