{"id":48320,"date":"2025-11-06T13:10:17","date_gmt":"2025-11-06T11:10:17","guid":{"rendered":"https:\/\/www.radiomarket.fi\/?post_type=product&#038;p=48320"},"modified":"2025-11-06T17:42:49","modified_gmt":"2025-11-06T15:42:49","slug":"ekua3817-asa-766","status":"publish","type":"product","link":"https:\/\/www.radiomarket.fi\/en\/kohde\/ekua3817-asa-766\/","title":{"rendered":"EKUA3817 ASA 766"},"content":{"rendered":"<p>P\u00e4\u00e4llisin puolin tarkasteltuna kohtuullisen siistikuntoinen. Takalevyn raoista tarkasteltuna putket paikallaan, putkia aikanaan vaihdettu. Ei tutkittu tarkemmin.<br \/><strong><br \/>Seuraavat osat puuttuvat tai viallisia:<\/strong><\/p><p>Antenniliitin puuttuu. Ostettavissa j\u00e4lkituotantoisena verkkokaupastamme koodilla EKUH0012.<\/p><p>Tutkittu pintapuolisesti varastointivaiheessa. Tuotteesta voi olla purettu muitakin osia tai siin\u00e4 voi olla muita puutteita. Varmista tietojen oikeellisuus myyj\u00e4lt\u00e4. Ei tutkittu tarkemmin.\u00a0<\/p>","protected":false},"excerpt":{"rendered":"<p>Suosittelemme putkiradioille s\u00e4rkyv\u00e4-lis\u00e4palvelua (ostettavissa erillisen\u00e4 tuotteena).<\/p>","protected":false},"featured_media":55502,"template":"","meta":[],"_links":{"self":[{"href":"https:\/\/www.radiomarket.fi\/en\/wp-json\/wp\/v2\/product\/48320"}],"collection":[{"href":"https:\/\/www.radiomarket.fi\/en\/wp-json\/wp\/v2\/product"}],"about":[{"href":"https:\/\/www.radiomarket.fi\/en\/wp-json\/wp\/v2\/types\/product"}],"wp:featuredmedia":[{"embeddable":true,"href":"https:\/\/www.radiomarket.fi\/en\/wp-json\/wp\/v2\/media\/55502"}],"wp:attachment":[{"href":"https:\/\/www.radiomarket.fi\/en\/wp-json\/wp\/v2\/media?parent=48320"}],"curies":[{"name":"wp","href":"https:\/\/api.w.org\/{rel}","templated":true}]}}