{"id":48327,"date":"2024-08-28T13:33:33","date_gmt":"2024-08-28T10:33:33","guid":{"rendered":"https:\/\/www.radiomarket.fi\/?post_type=product&#038;p=48327"},"modified":"2024-08-29T23:58:21","modified_gmt":"2024-08-29T20:58:21","slug":"ekua3820-asa-1135","status":"publish","type":"product","link":"https:\/\/www.radiomarket.fi\/en\/kohde\/ekua3820-asa-1135\/","title":{"rendered":"EKUA3820 Asa 1135 soiva"},"content":{"rendered":"<p>Koteloltaan melko siisti, viilua puuttuu p\u00e4\u00e4st\u00e4. Soi ja kuuluu hienosti, testattu 8\/2024. Verkkojohto vaihdettu uudempaan. N\u00e4k\u00f6viritysputken toiminta vaikuttaa oikealta. Aiemman omistajan ilmeisesti t\u00e4ysin l\u00e4pik\u00e4ym\u00e4 ja huoltama kohde.<strong><br \/><br \/>Seuraavat osat puuttuvat tai viallisia:<\/strong><\/p><p>Listasta puuttuu edest\u00e4 pala. Logo puuttuu.<br \/>Verkkojohto vaihdettu uudempaan.<\/p><p>Tutkittu pintapuolisesti varastointivaiheessa. Tuotteesta voi olla purettu muitakin osia tai siin\u00e4 voi olla muita puutteita. Varmista tietojen oikeellisuus myyj\u00e4lt\u00e4. Ei tutkittu tarkemmin.\u00a0<\/p>","protected":false},"excerpt":{"rendered":"<p>Suosittelemme putkiradioille s\u00e4rkyv\u00e4-lis\u00e4palvelua (ostettavissa erillisen\u00e4 tuotteena).<\/p>","protected":false},"featured_media":49398,"template":"","meta":[],"_links":{"self":[{"href":"https:\/\/www.radiomarket.fi\/en\/wp-json\/wp\/v2\/product\/48327"}],"collection":[{"href":"https:\/\/www.radiomarket.fi\/en\/wp-json\/wp\/v2\/product"}],"about":[{"href":"https:\/\/www.radiomarket.fi\/en\/wp-json\/wp\/v2\/types\/product"}],"wp:featuredmedia":[{"embeddable":true,"href":"https:\/\/www.radiomarket.fi\/en\/wp-json\/wp\/v2\/media\/49398"}],"wp:attachment":[{"href":"https:\/\/www.radiomarket.fi\/en\/wp-json\/wp\/v2\/media?parent=48327"}],"curies":[{"name":"wp","href":"https:\/\/api.w.org\/{rel}","templated":true}]}}