{"id":48347,"date":"2025-04-17T14:24:53","date_gmt":"2025-04-17T11:24:53","guid":{"rendered":"https:\/\/www.radiomarket.fi\/?post_type=product&#038;p=48347"},"modified":"2025-04-17T16:40:18","modified_gmt":"2025-04-17T13:40:18","slug":"ekua3823-celeston-cortina","status":"publish","type":"product","link":"https:\/\/www.radiomarket.fi\/en\/kohde\/ekua3823-celeston-cortina\/","title":{"rendered":"EKUA3823 Celeston Cortina"},"content":{"rendered":"<p>Koteloltaan kohtalainen. Logo eri kohdassa kuin esim radiossa EKUA3822 ja EKUM3227 on ollut.<br \/><strong><br \/>Seuraavat osat puuttuvat tai viallisia:<\/strong><\/p><p>Asteikkolasin tekstit l\u00e4hteneet irtoamaan.<\/p><p>Tutkittu hyvin pintapuolisesti varastointivaiheessa. Tuotteesta voi olla purettu muitakin osia tai siin\u00e4 voi olla muita puutteita. Varmista tietojen oikeellisuus myyj\u00e4lt\u00e4. Ei tutkittu tarkemmin.\u00a0<\/p>","protected":false},"excerpt":{"rendered":"<p>Suosittelemme putkiradioille s\u00e4rkyv\u00e4-lis\u00e4palvelua (ostettavissa erillisen\u00e4 tuotteena).<\/p>","protected":false},"featured_media":51518,"template":"","meta":[],"_links":{"self":[{"href":"https:\/\/www.radiomarket.fi\/en\/wp-json\/wp\/v2\/product\/48347"}],"collection":[{"href":"https:\/\/www.radiomarket.fi\/en\/wp-json\/wp\/v2\/product"}],"about":[{"href":"https:\/\/www.radiomarket.fi\/en\/wp-json\/wp\/v2\/types\/product"}],"wp:featuredmedia":[{"embeddable":true,"href":"https:\/\/www.radiomarket.fi\/en\/wp-json\/wp\/v2\/media\/51518"}],"wp:attachment":[{"href":"https:\/\/www.radiomarket.fi\/en\/wp-json\/wp\/v2\/media?parent=48347"}],"curies":[{"name":"wp","href":"https:\/\/api.w.org\/{rel}","templated":true}]}}