{"id":48465,"date":"2024-08-26T23:15:22","date_gmt":"2024-08-26T20:15:22","guid":{"rendered":"https:\/\/www.radiomarket.fi\/?post_type=product&#038;p=48465"},"modified":"2024-08-26T23:12:39","modified_gmt":"2024-08-26T20:12:39","slug":"ekua3835-rft-onyx-ii-8e-156-i","status":"publish","type":"product","link":"https:\/\/www.radiomarket.fi\/en\/kohde\/ekua3835-rft-onyx-ii-8e-156-i\/","title":{"rendered":"EKUA3835 RFT Onyx II 8E 156-I"},"content":{"rendered":"<p>Kotelossa naarmuja. Putket vaikuttavat olevan takalevyn raoista tarkasteltuna paikallaan.<br \/><strong><br \/>Seuraavat osat puuttuvat tai viallisia:<\/strong><\/p><p>Verkkojohto vaihdettu.\u00a0<br \/>ULA-painonappia paikattu massalla.<br \/>Asteikkolasi ehj\u00e4 mutta merkinn\u00e4t irtoavat.<\/p><p>Tutkittu hyvin pintapuolisesti varastointivaiheessa. Tuotteesta voi olla purettu muitakin osia tai siin\u00e4 voi olla muita puutteita. Varmista tietojen oikeellisuus myyj\u00e4lt\u00e4. Ei tutkittu tarkemmin.\u00a0<\/p>","protected":false},"excerpt":{"rendered":"<p>Suosittelemme putkiradioille s\u00e4rkyv\u00e4-lis\u00e4palvelua (ostettavissa erillisen\u00e4 tuotteena).<\/p>","protected":false},"featured_media":49366,"template":"","meta":[],"_links":{"self":[{"href":"https:\/\/www.radiomarket.fi\/en\/wp-json\/wp\/v2\/product\/48465"}],"collection":[{"href":"https:\/\/www.radiomarket.fi\/en\/wp-json\/wp\/v2\/product"}],"about":[{"href":"https:\/\/www.radiomarket.fi\/en\/wp-json\/wp\/v2\/types\/product"}],"wp:featuredmedia":[{"embeddable":true,"href":"https:\/\/www.radiomarket.fi\/en\/wp-json\/wp\/v2\/media\/49366"}],"wp:attachment":[{"href":"https:\/\/www.radiomarket.fi\/en\/wp-json\/wp\/v2\/media?parent=48465"}],"curies":[{"name":"wp","href":"https:\/\/api.w.org\/{rel}","templated":true}]}}