{"id":48630,"date":"2024-07-27T12:57:52","date_gmt":"2024-07-27T09:57:52","guid":{"rendered":"https:\/\/www.radiomarket.fi\/?post_type=product&#038;p=48630"},"modified":"2025-04-23T11:36:20","modified_gmt":"2025-04-23T08:36:20","slug":"ekub0698-polykapselit-ford-escort-cortina-transit-ym-1970-luvun-alkupuoli","status":"publish","type":"product","link":"https:\/\/www.radiomarket.fi\/en\/kohde\/ekub0698-polykapselit-ford-escort-cortina-transit-ym-1970-luvun-alkupuoli\/","title":{"rendered":"EKUB0698 p\u00f6lykapselit Ford Escort Cortina Transit ym. 1970-luvun alkupuoli"},"content":{"rendered":"<p>Eri kuntoisia samanlaisia p\u00f6lykapseleita, kuvassa esimerkki v\u00e4h\u00e4ruosteisesta. Halkaisija 23 cm. Parhaat myyd\u00e4\u00e4n ensin, voit pyyt\u00e4\u00e4 lis\u00e4kuvia.<\/p>","protected":false},"excerpt":{"rendered":"<p>Eri kuntoisia samanlaisia p\u00f6lykapseleita, kuvassa esimerkki v\u00e4h\u00e4ruosteisesta. Halkaisija 23 cm. Parhaat myyd\u00e4\u00e4n ensin, voit pyyt\u00e4\u00e4 lis\u00e4kuvia.<\/p>","protected":false},"featured_media":48632,"template":"","meta":[],"_links":{"self":[{"href":"https:\/\/www.radiomarket.fi\/en\/wp-json\/wp\/v2\/product\/48630"}],"collection":[{"href":"https:\/\/www.radiomarket.fi\/en\/wp-json\/wp\/v2\/product"}],"about":[{"href":"https:\/\/www.radiomarket.fi\/en\/wp-json\/wp\/v2\/types\/product"}],"wp:featuredmedia":[{"embeddable":true,"href":"https:\/\/www.radiomarket.fi\/en\/wp-json\/wp\/v2\/media\/48632"}],"wp:attachment":[{"href":"https:\/\/www.radiomarket.fi\/en\/wp-json\/wp\/v2\/media?parent=48630"}],"curies":[{"name":"wp","href":"https:\/\/api.w.org\/{rel}","templated":true}]}}