{"id":48673,"date":"2024-07-30T13:34:58","date_gmt":"2024-07-30T10:34:58","guid":{"rendered":"https:\/\/www.radiomarket.fi\/?post_type=product&#038;p=48673"},"modified":"2024-07-30T13:54:09","modified_gmt":"2024-07-30T10:54:09","slug":"ekum3713-muuntaja","status":"publish","type":"product","link":"https:\/\/www.radiomarket.fi\/en\/kohde\/ekum3713-muuntaja\/","title":{"rendered":"EKUM3713 Muuntaja 348259 15.VIII 1968"},"content":{"rendered":"<p>Fyysiset mitat: korkeus 140 mm x kanta 145 mm<\/p><p>Kiinnityspisteiden v\u00e4liset mitat: 75 mm<\/p><p>Resistanssi: ei mitattu<\/p><p>&nbsp;<\/p><p><br \/>Meid\u00e4n myymi\u00e4mme muuntajia ei ole p\u00e4\u00e4s\u00e4\u00e4nt\u00f6isesti testattu. Esimerkiksi resistanssi on mitattu vain, mik\u00e4li se on tuotetiedoissa ilmoitettu. Lis\u00e4\u00e4 muuntajia kategoriassa Muuntajat ja verkkolaitteet. Varmistathan tarvittaessa fyysisten mittojen sopivuuden. Ei tutkittu tarkemmin, muuntajan saa asentaa vain ammattihuolto.<\/p>","protected":false},"excerpt":{"rendered":"<p>Fyysiset mitat: korkeus 140 mm x kanta 145 mmKiinnityspisteiden v\u00e4liset mitat: 75 mmResistanssi: ei mitattu&nbsp;Meid\u00e4n myymi\u00e4mme muuntajia ei ole p\u00e4\u00e4s\u00e4\u00e4nt\u00f6isesti testattu. Esimerkiksi resistanssi on mitattu vain, mik\u00e4li se on tuotetiedoissa ilmoitettu. Lis\u00e4\u00e4 muuntajia kategoriassa Muuntajat ja verkkolaitteet. Varmistathan tarvittaessa fyysisten mittojen sopivuuden. Ei tutkittu tarkemmin, muuntajan saa asentaa vain ammattihuolto.<\/p>","protected":false},"featured_media":48674,"template":"","meta":[],"_links":{"self":[{"href":"https:\/\/www.radiomarket.fi\/en\/wp-json\/wp\/v2\/product\/48673"}],"collection":[{"href":"https:\/\/www.radiomarket.fi\/en\/wp-json\/wp\/v2\/product"}],"about":[{"href":"https:\/\/www.radiomarket.fi\/en\/wp-json\/wp\/v2\/types\/product"}],"wp:featuredmedia":[{"embeddable":true,"href":"https:\/\/www.radiomarket.fi\/en\/wp-json\/wp\/v2\/media\/48674"}],"wp:attachment":[{"href":"https:\/\/www.radiomarket.fi\/en\/wp-json\/wp\/v2\/media?parent=48673"}],"curies":[{"name":"wp","href":"https:\/\/api.w.org\/{rel}","templated":true}]}}