{"id":48820,"date":"2024-08-01T11:14:08","date_gmt":"2024-08-01T08:14:08","guid":{"rendered":"https:\/\/www.radiomarket.fi\/?post_type=product&#038;p=48820"},"modified":"2024-08-01T16:52:49","modified_gmt":"2024-08-01T13:52:49","slug":"ekus3677-verkkomuuntaja-tokin-100-v-120-v-220-v-240-v","status":"publish","type":"product","link":"https:\/\/www.radiomarket.fi\/en\/kohde\/ekus3677-verkkomuuntaja-tokin-100-v-120-v-220-v-240-v\/","title":{"rendered":"EKUS3677 Verkkomuuntaja Tokin 100 V 120 V 220 V 240 V"},"content":{"rendered":"<p>Fyysiset mitat: korkeus 50 mm x 110 mm<\/p><p>Kiinnityspisteiden v\u00e4liset mitat: 80 mm x 70 mm<br \/>Resistanssi: ei mitattu<br \/><br \/>Meid\u00e4n myymi\u00e4mme muuntajia ei ole p\u00e4\u00e4s\u00e4\u00e4nt\u00f6isesti testattu. Esimerkiksi resistanssi on mitattu vain, mik\u00e4li se on tuotetiedoissa ilmoitettu. Lis\u00e4\u00e4 muuntajia kategoriassa Muuntajat ja verkkolaitteet. Varmistathan tarvittaessa fyysisten mittojen sopivuuden. Ei tutkittu tarkemmin, muuntajan saa asentaa vain ammattihuolto.<\/p>","protected":false},"excerpt":{"rendered":"<p>Fyysiset mitat: korkeus 50 mm x 110 mmKiinnityspisteiden v\u00e4liset mitat: 80 mm x 70 mmResistanssi: ei mitattuMeid\u00e4n myymi\u00e4mme muuntajia ei ole p\u00e4\u00e4s\u00e4\u00e4nt\u00f6isesti testattu. Esimerkiksi resistanssi on mitattu vain, mik\u00e4li se on tuotetiedoissa ilmoitettu. Lis\u00e4\u00e4 muuntajia kategoriassa Muuntajat ja verkkolaitteet. Varmistathan tarvittaessa fyysisten mittojen sopivuuden. Ei tutkittu tarkemmin, muuntajan saa asentaa vain ammattihuolto.<\/p>","protected":false},"featured_media":48821,"template":"","meta":[],"_links":{"self":[{"href":"https:\/\/www.radiomarket.fi\/en\/wp-json\/wp\/v2\/product\/48820"}],"collection":[{"href":"https:\/\/www.radiomarket.fi\/en\/wp-json\/wp\/v2\/product"}],"about":[{"href":"https:\/\/www.radiomarket.fi\/en\/wp-json\/wp\/v2\/types\/product"}],"wp:featuredmedia":[{"embeddable":true,"href":"https:\/\/www.radiomarket.fi\/en\/wp-json\/wp\/v2\/media\/48821"}],"wp:attachment":[{"href":"https:\/\/www.radiomarket.fi\/en\/wp-json\/wp\/v2\/media?parent=48820"}],"curies":[{"name":"wp","href":"https:\/\/api.w.org\/{rel}","templated":true}]}}