{"id":48986,"date":"2024-08-03T11:44:31","date_gmt":"2024-08-03T08:44:31","guid":{"rendered":"https:\/\/www.radiomarket.fi\/?post_type=product&#038;p=48986"},"modified":"2024-08-03T13:36:48","modified_gmt":"2024-08-03T10:36:48","slug":"ekus3714-muuntaja-2800-wdg-03-cul-bv-60-000-106","status":"publish","type":"product","link":"https:\/\/www.radiomarket.fi\/en\/kohde\/ekus3714-muuntaja-2800-wdg-03-cul-bv-60-000-106\/","title":{"rendered":"EKUS3714 Muuntaja 2800 Wdg. 0,3 CuL Bv 60 000-106"},"content":{"rendered":"<p>Fyysiset mitat: korkeus 65 mm x 80 mm<\/p><p>Kiinnityspisteiden v\u00e4liset mitat: 50 mm x 30 mm<\/p><p>Resistanssi: ei mitattu\u00a0<br \/><br \/>Meid\u00e4n myymi\u00e4mme muuntajia ei ole p\u00e4\u00e4s\u00e4\u00e4nt\u00f6isesti testattu. Esimerkiksi resistanssi on mitattu vain, mik\u00e4li se on tuotetiedoissa ilmoitettu. Lis\u00e4\u00e4 muuntajia kategoriassa Muuntajat ja verkkolaitteet. Varmistathan tarvittaessa fyysisten mittojen sopivuuden. Ei tutkittu tarkemmin, muuntajan saa asentaa vain ammattihuolto.<\/p>","protected":false},"excerpt":{"rendered":"<p>Fyysiset mitat: korkeus 65 mm x 80 mmKiinnityspisteiden v\u00e4liset mitat: 50 mm x 30 mmResistanssi: ei mitattu\u00a0Meid\u00e4n myymi\u00e4mme muuntajia ei ole p\u00e4\u00e4s\u00e4\u00e4nt\u00f6isesti testattu. Esimerkiksi resistanssi on mitattu vain, mik\u00e4li se on tuotetiedoissa ilmoitettu. Lis\u00e4\u00e4 muuntajia kategoriassa Muuntajat ja verkkolaitteet. Varmistathan tarvittaessa fyysisten mittojen sopivuuden. Ei tutkittu tarkemmin, muuntajan saa asentaa vain ammattihuolto.<\/p>","protected":false},"featured_media":48987,"template":"","meta":[],"_links":{"self":[{"href":"https:\/\/www.radiomarket.fi\/en\/wp-json\/wp\/v2\/product\/48986"}],"collection":[{"href":"https:\/\/www.radiomarket.fi\/en\/wp-json\/wp\/v2\/product"}],"about":[{"href":"https:\/\/www.radiomarket.fi\/en\/wp-json\/wp\/v2\/types\/product"}],"wp:featuredmedia":[{"embeddable":true,"href":"https:\/\/www.radiomarket.fi\/en\/wp-json\/wp\/v2\/media\/48987"}],"wp:attachment":[{"href":"https:\/\/www.radiomarket.fi\/en\/wp-json\/wp\/v2\/media?parent=48986"}],"curies":[{"name":"wp","href":"https:\/\/api.w.org\/{rel}","templated":true}]}}