{"id":49148,"date":"2024-08-09T19:05:44","date_gmt":"2024-08-09T16:05:44","guid":{"rendered":"https:\/\/www.radiomarket.fi\/?post_type=product&#038;p=49148"},"modified":"2024-08-11T17:55:59","modified_gmt":"2024-08-11T14:55:59","slug":"ekub0701-saastopankkiviikko-1967-u-k-kekkonen-mitali-ilman-koteloa-nos-2","status":"publish","type":"product","link":"https:\/\/www.radiomarket.fi\/en\/kohde\/ekub0701-saastopankkiviikko-1967-u-k-kekkonen-mitali-ilman-koteloa-nos-2\/","title":{"rendered":"EKUB0701 S\u00e4\u00e4st\u00f6pankkiviikko 1967 U.K. KEKKONEN mitali kotelossa NOS"},"content":{"rendered":"<p>Pankin varastosta per\u00e4isin oleva, jakamatta j\u00e4\u00e4nyt ker\u00e4ilymitali. Kunto 8-10.<\/p>","protected":false},"excerpt":{"rendered":"<p>Kirjetoimitustuotteita kannattaa tilata kerralla useampiakin, yksi lis\u00e4tuote lis\u00e4\u00e4 postikulua vain 10 sentill\u00e4 (tilanne 8\/2024, voi muuttua)<\/p>","protected":false},"featured_media":49199,"template":"","meta":[],"_links":{"self":[{"href":"https:\/\/www.radiomarket.fi\/en\/wp-json\/wp\/v2\/product\/49148"}],"collection":[{"href":"https:\/\/www.radiomarket.fi\/en\/wp-json\/wp\/v2\/product"}],"about":[{"href":"https:\/\/www.radiomarket.fi\/en\/wp-json\/wp\/v2\/types\/product"}],"wp:featuredmedia":[{"embeddable":true,"href":"https:\/\/www.radiomarket.fi\/en\/wp-json\/wp\/v2\/media\/49199"}],"wp:attachment":[{"href":"https:\/\/www.radiomarket.fi\/en\/wp-json\/wp\/v2\/media?parent=49148"}],"curies":[{"name":"wp","href":"https:\/\/api.w.org\/{rel}","templated":true}]}}