{"id":49150,"date":"2024-08-10T10:13:14","date_gmt":"2024-08-10T07:13:14","guid":{"rendered":"https:\/\/www.radiomarket.fi\/?post_type=product&#038;p=49150"},"modified":"2024-08-11T14:43:16","modified_gmt":"2024-08-11T11:43:16","slug":"ekub0704-saastopankkiviikko-1966-j-k-paasikivi-mitali-kerailykotelossa-nos","status":"publish","type":"product","link":"https:\/\/www.radiomarket.fi\/en\/kohde\/ekub0704-saastopankkiviikko-1966-j-k-paasikivi-mitali-kerailykotelossa-nos\/","title":{"rendered":"EKUB0704 S\u00e4\u00e4st\u00f6pankkiviikko 1966 J. K. Paasikivi mitali ker\u00e4ilykotelossa NOS"},"content":{"rendered":"<p>Pankin varastosta per\u00e4isin oleva, jakamatta j\u00e4\u00e4nyt ker\u00e4ilymitali. T\u00e4t\u00e4 mitalia on toimitettu pankkikonttoriin pankin omalla nimell\u00e4 koteloituna, t\u00e4ss\u00e4 tapauksessa kotelopainatuksella Pet\u00e4j\u00e4veden S\u00e4\u00e4st\u00f6pankki. Mitalin kunto 10.<\/p>","protected":false},"excerpt":{"rendered":"<p>Kirjetoimitustuotteita kannattaa tilata kerralla useampiakin, yksi lis\u00e4tuote lis\u00e4\u00e4 postikulua vain 10 sentill\u00e4 (tilanne 8\/2024, voi muuttua)<\/p>","protected":false},"featured_media":49147,"template":"","meta":[],"_links":{"self":[{"href":"https:\/\/www.radiomarket.fi\/en\/wp-json\/wp\/v2\/product\/49150"}],"collection":[{"href":"https:\/\/www.radiomarket.fi\/en\/wp-json\/wp\/v2\/product"}],"about":[{"href":"https:\/\/www.radiomarket.fi\/en\/wp-json\/wp\/v2\/types\/product"}],"wp:featuredmedia":[{"embeddable":true,"href":"https:\/\/www.radiomarket.fi\/en\/wp-json\/wp\/v2\/media\/49147"}],"wp:attachment":[{"href":"https:\/\/www.radiomarket.fi\/en\/wp-json\/wp\/v2\/media?parent=49150"}],"curies":[{"name":"wp","href":"https:\/\/api.w.org\/{rel}","templated":true}]}}