{"id":49162,"date":"2024-08-10T11:34:16","date_gmt":"2024-08-10T08:34:16","guid":{"rendered":"https:\/\/www.radiomarket.fi\/?post_type=product&#038;p=49162"},"modified":"2024-08-11T14:48:43","modified_gmt":"2024-08-11T11:48:43","slug":"ekub0707-saastopankkiviikko-1961-l-k-relander-mitali-ilman-koteloa-nos","status":"publish","type":"product","link":"https:\/\/www.radiomarket.fi\/en\/kohde\/ekub0707-saastopankkiviikko-1961-l-k-relander-mitali-ilman-koteloa-nos\/","title":{"rendered":"EKUB0707 S\u00e4\u00e4st\u00f6pankkiviikko 1961 L. K. Relander mitali ilman koteloa NOS"},"content":{"rendered":"<p>Pankin varastosta per\u00e4isin oleva, jakamatta j\u00e4\u00e4nyt ker\u00e4ilymitali. T\u00e4t\u00e4 mitalia on toimitettu pankkikonttoriin muovipussittain, eli myyt\u00e4viss\u00e4 kolikoissa ei ole havaittu sormenj\u00e4lki\u00e4 mutta ne voivat olla liev\u00e4sti kolhiintuneita. Kunto 8-10.<\/p>","protected":false},"excerpt":{"rendered":"<p>Kirjetoimitustuotteita kannattaa tilata kerralla useampiakin, yksi lis\u00e4tuote lis\u00e4\u00e4 postikulua vain 10 sentill\u00e4 (tilanne 8\/2024, voi muuttua)<\/p>","protected":false},"featured_media":49164,"template":"","meta":[],"_links":{"self":[{"href":"https:\/\/www.radiomarket.fi\/en\/wp-json\/wp\/v2\/product\/49162"}],"collection":[{"href":"https:\/\/www.radiomarket.fi\/en\/wp-json\/wp\/v2\/product"}],"about":[{"href":"https:\/\/www.radiomarket.fi\/en\/wp-json\/wp\/v2\/types\/product"}],"wp:featuredmedia":[{"embeddable":true,"href":"https:\/\/www.radiomarket.fi\/en\/wp-json\/wp\/v2\/media\/49164"}],"wp:attachment":[{"href":"https:\/\/www.radiomarket.fi\/en\/wp-json\/wp\/v2\/media?parent=49162"}],"curies":[{"name":"wp","href":"https:\/\/api.w.org\/{rel}","templated":true}]}}