{"id":49171,"date":"2024-08-10T11:50:20","date_gmt":"2024-08-10T08:50:20","guid":{"rendered":"https:\/\/www.radiomarket.fi\/?post_type=product&#038;p=49171"},"modified":"2024-08-11T14:52:38","modified_gmt":"2024-08-11T11:52:38","slug":"ekub0710-saastopankkiviikko-1964-paasikivi-tyhja-mitalikotelo-nos","status":"publish","type":"product","link":"https:\/\/www.radiomarket.fi\/en\/kohde\/ekub0710-saastopankkiviikko-1964-paasikivi-tyhja-mitalikotelo-nos\/","title":{"rendered":"EKUB0710 S\u00e4\u00e4st\u00f6pankkiviikko 1966 Paasikivi tyhj\u00e4 mitalikotelo NOS"},"content":{"rendered":"<p>Pankin varastosta per\u00e4isin oleva, jakamatta j\u00e4\u00e4nyt ker\u00e4ilykotelo.<\/p>","protected":false},"excerpt":{"rendered":"<p>Kirjetoimitustuotteita kannattaa tilata kerralla useampiakin, yksi lis\u00e4tuote lis\u00e4\u00e4 postikulua vain 10 sentill\u00e4 (tilanne 8\/2024, voi muuttua)<\/p>","protected":false},"featured_media":49173,"template":"","meta":[],"_links":{"self":[{"href":"https:\/\/www.radiomarket.fi\/en\/wp-json\/wp\/v2\/product\/49171"}],"collection":[{"href":"https:\/\/www.radiomarket.fi\/en\/wp-json\/wp\/v2\/product"}],"about":[{"href":"https:\/\/www.radiomarket.fi\/en\/wp-json\/wp\/v2\/types\/product"}],"wp:featuredmedia":[{"embeddable":true,"href":"https:\/\/www.radiomarket.fi\/en\/wp-json\/wp\/v2\/media\/49173"}],"wp:attachment":[{"href":"https:\/\/www.radiomarket.fi\/en\/wp-json\/wp\/v2\/media?parent=49171"}],"curies":[{"name":"wp","href":"https:\/\/api.w.org\/{rel}","templated":true}]}}